{"id":2327,"date":"2022-10-19T12:59:27","date_gmt":"2022-10-19T10:59:27","guid":{"rendered":"https:\/\/poliprogram.it\/traitement-du-corten\/"},"modified":"2023-02-27T19:55:52","modified_gmt":"2023-02-27T17:55:52","slug":"traitement-du-corten","status":"publish","type":"page","link":"https:\/\/poliprogram.it\/fr\/traitement-du-corten\/","title":{"rendered":"Traitement du corten"},"content":{"rendered":"\t\t<div data-elementor-type=\"wp-post\" data-elementor-id=\"2327\" class=\"elementor elementor-2327 elementor-2325\" data-elementor-post-type=\"page\">\n\t\t\t\t\t\t<section class=\"elementor-section elementor-top-section elementor-element elementor-element-34289cc3 elementor-section-full_width elementor-section-height-min-height elementor-section-height-default elementor-section-items-middle\" data-id=\"34289cc3\" data-element_type=\"section\" data-e-type=\"section\" data-settings=\"{&quot;background_background&quot;:&quot;classic&quot;}\">\n\t\t\t\t\t\t\t<div class=\"elementor-background-overlay\"><\/div>\n\t\t\t\t\t\t\t<div class=\"elementor-container elementor-column-gap-default\">\n\t\t\t\t\t<div class=\"elementor-column elementor-col-100 elementor-top-column elementor-element elementor-element-3fe4581e\" data-id=\"3fe4581e\" data-element_type=\"column\" data-e-type=\"column\">\n\t\t\t<div class=\"elementor-widget-wrap elementor-element-populated\">\n\t\t\t\t\t\t<div class=\"elementor-element elementor-element-6e2a8451 elementor-widget elementor-widget-heading\" data-id=\"6e2a8451\" data-element_type=\"widget\" data-e-type=\"widget\" data-widget_type=\"heading.default\">\n\t\t\t\t<div class=\"elementor-widget-container\">\n\t\t\t\t\t<h1 class=\"elementor-heading-title elementor-size-default\">TRAITEMENT DU CORTEN<\/h1>\t\t\t\t<\/div>\n\t\t\t\t<\/div>\n\t\t\t\t\t<\/div>\n\t\t<\/div>\n\t\t\t\t\t<\/div>\n\t\t<\/section>\n\t\t\t\t<section class=\"elementor-section elementor-top-section elementor-element elementor-element-202d85d6 elementor-section-full_width elementor-section-height-default elementor-section-height-default elementor-invisible\" data-id=\"202d85d6\" data-element_type=\"section\" data-e-type=\"section\" data-settings=\"{&quot;animation&quot;:&quot;slideInLeft&quot;}\">\n\t\t\t\t\t\t<div class=\"elementor-container elementor-column-gap-default\">\n\t\t\t\t\t<div class=\"elementor-column elementor-col-100 elementor-top-column elementor-element elementor-element-4fef6ad5\" data-id=\"4fef6ad5\" data-element_type=\"column\" data-e-type=\"column\">\n\t\t\t<div class=\"elementor-widget-wrap elementor-element-populated\">\n\t\t\t\t\t\t<div class=\"elementor-element elementor-element-e040514 elementor-widget elementor-widget-heading\" data-id=\"e040514\" data-element_type=\"widget\" data-e-type=\"widget\" data-widget_type=\"heading.default\">\n\t\t\t\t<div class=\"elementor-widget-container\">\n\t\t\t\t\t<h2 class=\"elementor-heading-title elementor-size-default\">POLIPROGRAM, TRAITEMENT DU CORTEN<\/h2>\t\t\t\t<\/div>\n\t\t\t\t<\/div>\n\t\t\t\t<div class=\"elementor-element elementor-element-2285b3a8 elementor-widget-divider--view-line elementor-widget elementor-widget-divider\" data-id=\"2285b3a8\" data-element_type=\"widget\" data-e-type=\"widget\" data-widget_type=\"divider.default\">\n\t\t\t\t<div class=\"elementor-widget-container\">\n\t\t\t\t\t\t\t<div class=\"elementor-divider\">\n\t\t\t<span class=\"elementor-divider-separator\">\n\t\t\t\t\t\t<\/span>\n\t\t<\/div>\n\t\t\t\t\t\t<\/div>\n\t\t\t\t<\/div>\n\t\t\t\t<div class=\"elementor-element elementor-element-5fd6a0cf elementor-widget elementor-widget-text-editor\" data-id=\"5fd6a0cf\" data-element_type=\"widget\" data-e-type=\"widget\" data-widget_type=\"text-editor.default\">\n\t\t\t\t<div class=\"elementor-widget-container\">\n\t\t\t\t\t\t\t\t\t<p><span style=\"background-color: rgba(110, 193, 228, 0);\"><span style=\"color: #295e8c;\"><br \/><b>POLIPROGRAM <\/b><\/span>fabrique de l&rsquo;acier COR-TEN, garantissant, pour chaque produit, des nuances uniques, un effet rouille de grand impact esth\u00e9tique et une haute r\u00e9sistance \u00e0 la corrosion<\/span><\/p><p><a href=\"tel:+390173790321\"><span style=\"color: #295e8c;\"><b>Contactez-nous par t\u00e9l\u00e9phone<\/b><\/span><\/a> o<a href=\"https:\/\/poliprogram.it\/fr\/contact\/\"><span style=\"color: #295e8c;\"><strong> envoyez-nous une demande <\/strong><\/span><\/a>notre personnel est \u00e0 votre disposition pour trouver avec vous la meilleure solution.<\/p>\t\t\t\t\t\t\t\t<\/div>\n\t\t\t\t<\/div>\n\t\t\t\t\t<\/div>\n\t\t<\/div>\n\t\t\t\t\t<\/div>\n\t\t<\/section>\n\t\t\t\t<section class=\"elementor-section elementor-top-section elementor-element elementor-element-60553982 elementor-section-full_width elementor-section-height-default elementor-section-height-default\" data-id=\"60553982\" data-element_type=\"section\" data-e-type=\"section\">\n\t\t\t\t\t\t<div class=\"elementor-container elementor-column-gap-default\">\n\t\t\t\t\t<div class=\"elementor-column elementor-col-100 elementor-top-column elementor-element elementor-element-b2681a1\" data-id=\"b2681a1\" data-element_type=\"column\" data-e-type=\"column\">\n\t\t\t<div class=\"elementor-widget-wrap elementor-element-populated\">\n\t\t\t\t\t\t<div class=\"elementor-element elementor-element-649aae2c elementor-widget elementor-widget-gallery\" data-id=\"649aae2c\" data-element_type=\"widget\" data-e-type=\"widget\" data-settings=\"{&quot;image_hover_animation&quot;:&quot;grow&quot;,&quot;columns&quot;:5,&quot;lazyload&quot;:&quot;yes&quot;,&quot;gallery_layout&quot;:&quot;grid&quot;,&quot;columns_tablet&quot;:2,&quot;columns_mobile&quot;:1,&quot;gap&quot;:{&quot;unit&quot;:&quot;px&quot;,&quot;size&quot;:10,&quot;sizes&quot;:[]},&quot;gap_tablet&quot;:{&quot;unit&quot;:&quot;px&quot;,&quot;size&quot;:10,&quot;sizes&quot;:[]},&quot;gap_mobile&quot;:{&quot;unit&quot;:&quot;px&quot;,&quot;size&quot;:10,&quot;sizes&quot;:[]},&quot;link_to&quot;:&quot;file&quot;,&quot;aspect_ratio&quot;:&quot;3:2&quot;,&quot;overlay_background&quot;:&quot;yes&quot;,&quot;content_hover_animation&quot;:&quot;fade-in&quot;}\" data-widget_type=\"gallery.default\">\n\t\t\t\t<div class=\"elementor-widget-container\">\n\t\t\t\t\t\t\t<div class=\"elementor-gallery__container\">\n\t\t\t\t\t\t\t<a class=\"e-gallery-item elementor-gallery-item elementor-animated-content\" href=\"https:\/\/poliprogram.it\/wp-content\/uploads\/2022\/10\/poliprogram-lavorazioni-corten-4.jpg\" data-elementor-open-lightbox=\"yes\" data-elementor-lightbox-slideshow=\"649aae2c\" data-elementor-lightbox-title=\"poliprogram lavorazioni corten (4)\" data-e-action-hash=\"#elementor-action%3Aaction%3Dlightbox%26settings%3DeyJpZCI6MjMzMSwidXJsIjoiaHR0cHM6XC9cL3BvbGlwcm9ncmFtLml0XC93cC1jb250ZW50XC91cGxvYWRzXC8yMDIyXC8xMFwvcG9saXByb2dyYW0tbGF2b3JhemlvbmktY29ydGVuLTQuanBnIiwic2xpZGVzaG93IjoiNjQ5YWFlMmMifQ%3D%3D\">\n\t\t\t\t\t<div class=\"e-gallery-image elementor-gallery-item__image\" data-thumbnail=\"https:\/\/poliprogram.it\/wp-content\/uploads\/2022\/10\/poliprogram-lavorazioni-corten-4.jpg\" data-width=\"800\" data-height=\"600\" aria-label=\"\" role=\"img\" ><\/div>\n\t\t\t\t\t\t\t\t\t\t\t<div class=\"elementor-gallery-item__overlay\"><\/div>\n\t\t\t\t\t\t\t\t\t\t\t\t\t\t<\/a>\n\t\t\t\t\t\t\t<a class=\"e-gallery-item elementor-gallery-item elementor-animated-content\" href=\"https:\/\/poliprogram.it\/wp-content\/uploads\/2022\/10\/poliprogram-lavorazioni-corten-3.jpg\" data-elementor-open-lightbox=\"yes\" data-elementor-lightbox-slideshow=\"649aae2c\" data-elementor-lightbox-title=\"poliprogram lavorazioni corten (3)\" data-e-action-hash=\"#elementor-action%3Aaction%3Dlightbox%26settings%3DeyJpZCI6MjMzMywidXJsIjoiaHR0cHM6XC9cL3BvbGlwcm9ncmFtLml0XC93cC1jb250ZW50XC91cGxvYWRzXC8yMDIyXC8xMFwvcG9saXByb2dyYW0tbGF2b3JhemlvbmktY29ydGVuLTMuanBnIiwic2xpZGVzaG93IjoiNjQ5YWFlMmMifQ%3D%3D\">\n\t\t\t\t\t<div class=\"e-gallery-image elementor-gallery-item__image\" data-thumbnail=\"https:\/\/poliprogram.it\/wp-content\/uploads\/2022\/10\/poliprogram-lavorazioni-corten-3.jpg\" data-width=\"800\" data-height=\"600\" aria-label=\"\" role=\"img\" ><\/div>\n\t\t\t\t\t\t\t\t\t\t\t<div class=\"elementor-gallery-item__overlay\"><\/div>\n\t\t\t\t\t\t\t\t\t\t\t\t\t\t<\/a>\n\t\t\t\t\t\t\t<a class=\"e-gallery-item elementor-gallery-item elementor-animated-content\" href=\"https:\/\/poliprogram.it\/wp-content\/uploads\/2022\/10\/poliprogram-lavorazioni-corten-2.jpg\" data-elementor-open-lightbox=\"yes\" data-elementor-lightbox-slideshow=\"649aae2c\" data-elementor-lightbox-title=\"poliprogram lavorazioni corten (2)\" data-e-action-hash=\"#elementor-action%3Aaction%3Dlightbox%26settings%3DeyJpZCI6MjMzNSwidXJsIjoiaHR0cHM6XC9cL3BvbGlwcm9ncmFtLml0XC93cC1jb250ZW50XC91cGxvYWRzXC8yMDIyXC8xMFwvcG9saXByb2dyYW0tbGF2b3JhemlvbmktY29ydGVuLTIuanBnIiwic2xpZGVzaG93IjoiNjQ5YWFlMmMifQ%3D%3D\">\n\t\t\t\t\t<div class=\"e-gallery-image elementor-gallery-item__image\" data-thumbnail=\"https:\/\/poliprogram.it\/wp-content\/uploads\/2022\/10\/poliprogram-lavorazioni-corten-2.jpg\" data-width=\"800\" data-height=\"600\" aria-label=\"\" role=\"img\" ><\/div>\n\t\t\t\t\t\t\t\t\t\t\t<div class=\"elementor-gallery-item__overlay\"><\/div>\n\t\t\t\t\t\t\t\t\t\t\t\t\t\t<\/a>\n\t\t\t\t\t\t\t<a class=\"e-gallery-item elementor-gallery-item elementor-animated-content\" href=\"https:\/\/poliprogram.it\/wp-content\/uploads\/2022\/10\/poliprogram-lavorazioni-corten-1.jpg\" data-elementor-open-lightbox=\"yes\" data-elementor-lightbox-slideshow=\"649aae2c\" data-elementor-lightbox-title=\"poliprogram lavorazioni corten (1)\" data-e-action-hash=\"#elementor-action%3Aaction%3Dlightbox%26settings%3DeyJpZCI6MjMzNywidXJsIjoiaHR0cHM6XC9cL3BvbGlwcm9ncmFtLml0XC93cC1jb250ZW50XC91cGxvYWRzXC8yMDIyXC8xMFwvcG9saXByb2dyYW0tbGF2b3JhemlvbmktY29ydGVuLTEuanBnIiwic2xpZGVzaG93IjoiNjQ5YWFlMmMifQ%3D%3D\">\n\t\t\t\t\t<div class=\"e-gallery-image elementor-gallery-item__image\" data-thumbnail=\"https:\/\/poliprogram.it\/wp-content\/uploads\/2022\/10\/poliprogram-lavorazioni-corten-1.jpg\" data-width=\"800\" data-height=\"600\" aria-label=\"\" role=\"img\" ><\/div>\n\t\t\t\t\t\t\t\t\t\t\t<div class=\"elementor-gallery-item__overlay\"><\/div>\n\t\t\t\t\t\t\t\t\t\t\t\t\t\t<\/a>\n\t\t\t\t\t\t\t<a class=\"e-gallery-item elementor-gallery-item elementor-animated-content\" href=\"https:\/\/poliprogram.it\/wp-content\/uploads\/2022\/10\/poliprogram-lavorazioni-corten.jpg\" data-elementor-open-lightbox=\"yes\" data-elementor-lightbox-slideshow=\"649aae2c\" data-elementor-lightbox-title=\"poliprogram lavorazioni corten\" data-e-action-hash=\"#elementor-action%3Aaction%3Dlightbox%26settings%3DeyJpZCI6MjMzOSwidXJsIjoiaHR0cHM6XC9cL3BvbGlwcm9ncmFtLml0XC93cC1jb250ZW50XC91cGxvYWRzXC8yMDIyXC8xMFwvcG9saXByb2dyYW0tbGF2b3JhemlvbmktY29ydGVuLmpwZyIsInNsaWRlc2hvdyI6IjY0OWFhZTJjIn0%3D\">\n\t\t\t\t\t<div class=\"e-gallery-image elementor-gallery-item__image\" data-thumbnail=\"https:\/\/poliprogram.it\/wp-content\/uploads\/2022\/10\/poliprogram-lavorazioni-corten.jpg\" data-width=\"800\" data-height=\"600\" aria-label=\"\" role=\"img\" ><\/div>\n\t\t\t\t\t\t\t\t\t\t\t<div class=\"elementor-gallery-item__overlay\"><\/div>\n\t\t\t\t\t\t\t\t\t\t\t\t\t\t<\/a>\n\t\t\t\t\t<\/div>\n\t\t\t\t\t<\/div>\n\t\t\t\t<\/div>\n\t\t\t\t\t<\/div>\n\t\t<\/div>\n\t\t\t\t\t<\/div>\n\t\t<\/section>\n\t\t\t\t<\/div>\n\t\t","protected":false},"excerpt":{"rendered":"<p>TRAITEMENT DU CORTEN POLIPROGRAM, TRAITEMENT DU CORTEN POLIPROGRAM fabrique de l&rsquo;acier COR-TEN, garantissant, pour chaque produit, des nuances uniques, un effet rouille de grand impact esth\u00e9tique et une haute r\u00e9sistance \u00e0 la corrosion Contactez-nous par t\u00e9l\u00e9phone o envoyez-nous une demande notre personnel est \u00e0 votre disposition pour trouver avec vous la meilleure solution.<\/p>\n","protected":false},"author":4,"featured_media":0,"parent":0,"menu_order":0,"comment_status":"closed","ping_status":"closed","template":"","meta":{"footnotes":""},"class_list":["post-2327","page","type-page","status-publish","hentry"],"yoast_head":"<!-- This site is optimized with the Yoast SEO plugin v27.3 - https:\/\/yoast.com\/product\/yoast-seo-wordpress\/ -->\n<title>Traitement du corten - Poliprogram<\/title>\n<meta name=\"robots\" content=\"index, follow, max-snippet:-1, max-image-preview:large, max-video-preview:-1\" \/>\n<link rel=\"canonical\" href=\"https:\/\/poliprogram.it\/fr\/traitement-du-corten\/\" \/>\n<meta property=\"og:locale\" content=\"fr_FR\" \/>\n<meta property=\"og:type\" content=\"article\" \/>\n<meta property=\"og:title\" content=\"Traitement du corten - Poliprogram\" \/>\n<meta property=\"og:description\" content=\"TRAITEMENT DU CORTEN POLIPROGRAM, TRAITEMENT DU CORTEN POLIPROGRAM fabrique de l&rsquo;acier COR-TEN, garantissant, pour chaque produit, des nuances uniques, un effet rouille de grand impact esth\u00e9tique et une haute r\u00e9sistance \u00e0 la corrosion Contactez-nous par t\u00e9l\u00e9phone o envoyez-nous une demande notre personnel est \u00e0 votre disposition pour trouver avec vous la meilleure solution.\" \/>\n<meta property=\"og:url\" content=\"https:\/\/poliprogram.it\/fr\/traitement-du-corten\/\" \/>\n<meta property=\"og:site_name\" content=\"Poliprogram\" \/>\n<meta property=\"article:modified_time\" content=\"2023-02-27T17:55:52+00:00\" \/>\n<meta name=\"twitter:card\" content=\"summary_large_image\" \/>\n<script type=\"application\/ld+json\" class=\"yoast-schema-graph\">{\"@context\":\"https:\\\/\\\/schema.org\",\"@graph\":[{\"@type\":\"WebPage\",\"@id\":\"https:\\\/\\\/poliprogram.it\\\/fr\\\/traitement-du-corten\\\/\",\"url\":\"https:\\\/\\\/poliprogram.it\\\/fr\\\/traitement-du-corten\\\/\",\"name\":\"Traitement du corten - Poliprogram\",\"isPartOf\":{\"@id\":\"https:\\\/\\\/poliprogram.it\\\/#website\"},\"datePublished\":\"2022-10-19T10:59:27+00:00\",\"dateModified\":\"2023-02-27T17:55:52+00:00\",\"breadcrumb\":{\"@id\":\"https:\\\/\\\/poliprogram.it\\\/fr\\\/traitement-du-corten\\\/#breadcrumb\"},\"inLanguage\":\"fr-FR\",\"potentialAction\":[{\"@type\":\"ReadAction\",\"target\":[\"https:\\\/\\\/poliprogram.it\\\/fr\\\/traitement-du-corten\\\/\"]}]},{\"@type\":\"BreadcrumbList\",\"@id\":\"https:\\\/\\\/poliprogram.it\\\/fr\\\/traitement-du-corten\\\/#breadcrumb\",\"itemListElement\":[{\"@type\":\"ListItem\",\"position\":1,\"name\":\"Home\",\"item\":\"https:\\\/\\\/poliprogram.it\\\/fr\\\/accueil\\\/\"},{\"@type\":\"ListItem\",\"position\":2,\"name\":\"Traitement du corten\"}]},{\"@type\":\"WebSite\",\"@id\":\"https:\\\/\\\/poliprogram.it\\\/#website\",\"url\":\"https:\\\/\\\/poliprogram.it\\\/\",\"name\":\"Poliprogram\",\"description\":\"Strutture industriali e civili\",\"publisher\":{\"@id\":\"https:\\\/\\\/poliprogram.it\\\/#organization\"},\"potentialAction\":[{\"@type\":\"SearchAction\",\"target\":{\"@type\":\"EntryPoint\",\"urlTemplate\":\"https:\\\/\\\/poliprogram.it\\\/?s={search_term_string}\"},\"query-input\":{\"@type\":\"PropertyValueSpecification\",\"valueRequired\":true,\"valueName\":\"search_term_string\"}}],\"inLanguage\":\"fr-FR\"},{\"@type\":\"Organization\",\"@id\":\"https:\\\/\\\/poliprogram.it\\\/#organization\",\"name\":\"Poliprogram\",\"url\":\"https:\\\/\\\/poliprogram.it\\\/\",\"logo\":{\"@type\":\"ImageObject\",\"inLanguage\":\"fr-FR\",\"@id\":\"https:\\\/\\\/poliprogram.it\\\/#\\\/schema\\\/logo\\\/image\\\/\",\"url\":\"https:\\\/\\\/poliprogram.it\\\/wp-content\\\/uploads\\\/2022\\\/09\\\/Poliprogram-logo.jpg\",\"contentUrl\":\"https:\\\/\\\/poliprogram.it\\\/wp-content\\\/uploads\\\/2022\\\/09\\\/Poliprogram-logo.jpg\",\"width\":350,\"height\":100,\"caption\":\"Poliprogram\"},\"image\":{\"@id\":\"https:\\\/\\\/poliprogram.it\\\/#\\\/schema\\\/logo\\\/image\\\/\"}}]}<\/script>\n<!-- \/ Yoast SEO plugin. -->","yoast_head_json":{"title":"Traitement du corten - Poliprogram","robots":{"index":"index","follow":"follow","max-snippet":"max-snippet:-1","max-image-preview":"max-image-preview:large","max-video-preview":"max-video-preview:-1"},"canonical":"https:\/\/poliprogram.it\/fr\/traitement-du-corten\/","og_locale":"fr_FR","og_type":"article","og_title":"Traitement du corten - Poliprogram","og_description":"TRAITEMENT DU CORTEN POLIPROGRAM, TRAITEMENT DU CORTEN POLIPROGRAM fabrique de l&rsquo;acier COR-TEN, garantissant, pour chaque produit, des nuances uniques, un effet rouille de grand impact esth\u00e9tique et une haute r\u00e9sistance \u00e0 la corrosion Contactez-nous par t\u00e9l\u00e9phone o envoyez-nous une demande notre personnel est \u00e0 votre disposition pour trouver avec vous la meilleure solution.","og_url":"https:\/\/poliprogram.it\/fr\/traitement-du-corten\/","og_site_name":"Poliprogram","article_modified_time":"2023-02-27T17:55:52+00:00","twitter_card":"summary_large_image","schema":{"@context":"https:\/\/schema.org","@graph":[{"@type":"WebPage","@id":"https:\/\/poliprogram.it\/fr\/traitement-du-corten\/","url":"https:\/\/poliprogram.it\/fr\/traitement-du-corten\/","name":"Traitement du corten - Poliprogram","isPartOf":{"@id":"https:\/\/poliprogram.it\/#website"},"datePublished":"2022-10-19T10:59:27+00:00","dateModified":"2023-02-27T17:55:52+00:00","breadcrumb":{"@id":"https:\/\/poliprogram.it\/fr\/traitement-du-corten\/#breadcrumb"},"inLanguage":"fr-FR","potentialAction":[{"@type":"ReadAction","target":["https:\/\/poliprogram.it\/fr\/traitement-du-corten\/"]}]},{"@type":"BreadcrumbList","@id":"https:\/\/poliprogram.it\/fr\/traitement-du-corten\/#breadcrumb","itemListElement":[{"@type":"ListItem","position":1,"name":"Home","item":"https:\/\/poliprogram.it\/fr\/accueil\/"},{"@type":"ListItem","position":2,"name":"Traitement du corten"}]},{"@type":"WebSite","@id":"https:\/\/poliprogram.it\/#website","url":"https:\/\/poliprogram.it\/","name":"Poliprogram","description":"Strutture industriali e civili","publisher":{"@id":"https:\/\/poliprogram.it\/#organization"},"potentialAction":[{"@type":"SearchAction","target":{"@type":"EntryPoint","urlTemplate":"https:\/\/poliprogram.it\/?s={search_term_string}"},"query-input":{"@type":"PropertyValueSpecification","valueRequired":true,"valueName":"search_term_string"}}],"inLanguage":"fr-FR"},{"@type":"Organization","@id":"https:\/\/poliprogram.it\/#organization","name":"Poliprogram","url":"https:\/\/poliprogram.it\/","logo":{"@type":"ImageObject","inLanguage":"fr-FR","@id":"https:\/\/poliprogram.it\/#\/schema\/logo\/image\/","url":"https:\/\/poliprogram.it\/wp-content\/uploads\/2022\/09\/Poliprogram-logo.jpg","contentUrl":"https:\/\/poliprogram.it\/wp-content\/uploads\/2022\/09\/Poliprogram-logo.jpg","width":350,"height":100,"caption":"Poliprogram"},"image":{"@id":"https:\/\/poliprogram.it\/#\/schema\/logo\/image\/"}}]}},"_links":{"self":[{"href":"https:\/\/poliprogram.it\/fr\/wp-json\/wp\/v2\/pages\/2327","targetHints":{"allow":["GET"]}}],"collection":[{"href":"https:\/\/poliprogram.it\/fr\/wp-json\/wp\/v2\/pages"}],"about":[{"href":"https:\/\/poliprogram.it\/fr\/wp-json\/wp\/v2\/types\/page"}],"author":[{"embeddable":true,"href":"https:\/\/poliprogram.it\/fr\/wp-json\/wp\/v2\/users\/4"}],"replies":[{"embeddable":true,"href":"https:\/\/poliprogram.it\/fr\/wp-json\/wp\/v2\/comments?post=2327"}],"version-history":[{"count":8,"href":"https:\/\/poliprogram.it\/fr\/wp-json\/wp\/v2\/pages\/2327\/revisions"}],"predecessor-version":[{"id":2467,"href":"https:\/\/poliprogram.it\/fr\/wp-json\/wp\/v2\/pages\/2327\/revisions\/2467"}],"wp:attachment":[{"href":"https:\/\/poliprogram.it\/fr\/wp-json\/wp\/v2\/media?parent=2327"}],"curies":[{"name":"wp","href":"https:\/\/api.w.org\/{rel}","templated":true}]}}