{"id":1912,"date":"2022-09-30T17:51:47","date_gmt":"2022-09-30T15:51:47","guid":{"rendered":"https:\/\/poliprogram.it\/traitement-industriel\/"},"modified":"2023-01-18T16:57:12","modified_gmt":"2023-01-18T14:57:12","slug":"traitement-industriel","status":"publish","type":"page","link":"https:\/\/poliprogram.it\/fr\/traitement-industriel\/","title":{"rendered":"Traitement industriel"},"content":{"rendered":"\t\t<div data-elementor-type=\"wp-post\" data-elementor-id=\"1912\" class=\"elementor elementor-1912 elementor-1432\" data-elementor-post-type=\"page\">\n\t\t\t\t\t\t<section class=\"elementor-section elementor-top-section elementor-element elementor-element-485f0e72 elementor-section-full_width elementor-section-height-min-height elementor-section-height-default elementor-section-items-middle\" data-id=\"485f0e72\" data-element_type=\"section\" data-e-type=\"section\" data-settings=\"{&quot;background_background&quot;:&quot;classic&quot;}\">\n\t\t\t\t\t\t\t<div class=\"elementor-background-overlay\"><\/div>\n\t\t\t\t\t\t\t<div class=\"elementor-container elementor-column-gap-default\">\n\t\t\t\t\t<div class=\"elementor-column elementor-col-100 elementor-top-column elementor-element elementor-element-ee0da9\" data-id=\"ee0da9\" data-element_type=\"column\" data-e-type=\"column\">\n\t\t\t<div class=\"elementor-widget-wrap elementor-element-populated\">\n\t\t\t\t\t\t<div class=\"elementor-element elementor-element-1057019b elementor-widget elementor-widget-heading\" data-id=\"1057019b\" data-element_type=\"widget\" data-e-type=\"widget\" data-widget_type=\"heading.default\">\n\t\t\t\t<div class=\"elementor-widget-container\">\n\t\t\t\t\t<h1 class=\"elementor-heading-title elementor-size-default\">TRAITEMENT INDUSTRIEL<\/h1>\t\t\t\t<\/div>\n\t\t\t\t<\/div>\n\t\t\t\t\t<\/div>\n\t\t<\/div>\n\t\t\t\t\t<\/div>\n\t\t<\/section>\n\t\t\t\t<section class=\"elementor-section elementor-top-section elementor-element elementor-element-59e8a0c9 elementor-section-full_width elementor-section-height-default elementor-section-height-default\" data-id=\"59e8a0c9\" data-element_type=\"section\" data-e-type=\"section\">\n\t\t\t\t\t\t<div class=\"elementor-container elementor-column-gap-default\">\n\t\t\t\t\t<div class=\"elementor-column elementor-col-100 elementor-top-column elementor-element elementor-element-3493b69e elementor-invisible\" data-id=\"3493b69e\" data-element_type=\"column\" data-e-type=\"column\" data-settings=\"{&quot;animation&quot;:&quot;fadeInLeft&quot;}\">\n\t\t\t<div class=\"elementor-widget-wrap elementor-element-populated\">\n\t\t\t\t\t\t<div class=\"elementor-element elementor-element-6d52f146 elementor-widget elementor-widget-heading\" data-id=\"6d52f146\" data-element_type=\"widget\" data-e-type=\"widget\" data-widget_type=\"heading.default\">\n\t\t\t\t<div class=\"elementor-widget-container\">\n\t\t\t\t\t<h2 class=\"elementor-heading-title elementor-size-default\">POLIPROGRAM, SECTEUR INDUSTRIEL<\/h2>\t\t\t\t<\/div>\n\t\t\t\t<\/div>\n\t\t\t\t<div class=\"elementor-element elementor-element-7389efb6 elementor-widget-divider--view-line elementor-widget elementor-widget-divider\" data-id=\"7389efb6\" data-element_type=\"widget\" data-e-type=\"widget\" data-widget_type=\"divider.default\">\n\t\t\t\t<div class=\"elementor-widget-container\">\n\t\t\t\t\t\t\t<div class=\"elementor-divider\">\n\t\t\t<span class=\"elementor-divider-separator\">\n\t\t\t\t\t\t<\/span>\n\t\t<\/div>\n\t\t\t\t\t\t<\/div>\n\t\t\t\t<\/div>\n\t\t\t\t<div class=\"elementor-element elementor-element-52ef1edf elementor-widget elementor-widget-text-editor\" data-id=\"52ef1edf\" data-element_type=\"widget\" data-e-type=\"widget\" data-widget_type=\"text-editor.default\">\n\t\t\t\t<div class=\"elementor-widget-container\">\n\t\t\t\t\t\t\t\t\t<p>Nous sommes l&rsquo;un des principaux fabricants de charpente m\u00e9tallique et d&rsquo;usinage pour le secteur industriel dans plusieurs domaines, de la production de machines et d&rsquo;installations industrielles \u00e0 la fourniture de composants pour le secteur de la construction m\u00e9canique.<br \/>Notre personnel est \u00e0 votre disposition pour concevoir et r\u00e9aliser votre projet.<\/p>\n\t\t\t\t\t\t\t\t<\/div>\n\t\t\t\t<\/div>\n\t\t\t\t\t<\/div>\n\t\t<\/div>\n\t\t\t\t\t<\/div>\n\t\t<\/section>\n\t\t\t\t<section class=\"elementor-section elementor-top-section elementor-element elementor-element-4baa374 elementor-section-full_width elementor-section-height-default elementor-section-height-default\" data-id=\"4baa374\" data-element_type=\"section\" data-e-type=\"section\">\n\t\t\t\t\t\t<div class=\"elementor-container elementor-column-gap-default\">\n\t\t\t\t\t<div class=\"elementor-column elementor-col-100 elementor-top-column elementor-element elementor-element-e1a7890\" data-id=\"e1a7890\" data-element_type=\"column\" data-e-type=\"column\">\n\t\t\t<div class=\"elementor-widget-wrap elementor-element-populated\">\n\t\t\t\t\t\t<div class=\"elementor-element elementor-element-e971b28 elementor-widget elementor-widget-gallery\" data-id=\"e971b28\" data-element_type=\"widget\" data-e-type=\"widget\" data-settings=\"{&quot;image_hover_animation&quot;:&quot;grow&quot;,&quot;columns&quot;:3,&quot;lazyload&quot;:&quot;yes&quot;,&quot;gallery_layout&quot;:&quot;grid&quot;,&quot;columns_tablet&quot;:2,&quot;columns_mobile&quot;:1,&quot;gap&quot;:{&quot;unit&quot;:&quot;px&quot;,&quot;size&quot;:10,&quot;sizes&quot;:[]},&quot;gap_tablet&quot;:{&quot;unit&quot;:&quot;px&quot;,&quot;size&quot;:10,&quot;sizes&quot;:[]},&quot;gap_mobile&quot;:{&quot;unit&quot;:&quot;px&quot;,&quot;size&quot;:10,&quot;sizes&quot;:[]},&quot;link_to&quot;:&quot;file&quot;,&quot;aspect_ratio&quot;:&quot;3:2&quot;,&quot;overlay_background&quot;:&quot;yes&quot;,&quot;content_hover_animation&quot;:&quot;fade-in&quot;}\" data-widget_type=\"gallery.default\">\n\t\t\t\t<div class=\"elementor-widget-container\">\n\t\t\t\t\t\t\t<div class=\"elementor-gallery__container\">\n\t\t\t\t\t\t\t<a class=\"e-gallery-item elementor-gallery-item elementor-animated-content\" href=\"https:\/\/poliprogram.it\/wp-content\/uploads\/2022\/10\/Poliprogram-lavorazioni-industriali-g8.jpg\" data-elementor-open-lightbox=\"yes\" data-elementor-lightbox-slideshow=\"e971b28\" data-elementor-lightbox-title=\"Poliprogram lavorazioni industriali g8\" data-e-action-hash=\"#elementor-action%3Aaction%3Dlightbox%26settings%3DeyJpZCI6MTg0MiwidXJsIjoiaHR0cHM6XC9cL3BvbGlwcm9ncmFtLml0XC93cC1jb250ZW50XC91cGxvYWRzXC8yMDIyXC8xMFwvUG9saXByb2dyYW0tbGF2b3JhemlvbmktaW5kdXN0cmlhbGktZzguanBnIiwic2xpZGVzaG93IjoiZTk3MWIyOCJ9\">\n\t\t\t\t\t<div class=\"e-gallery-image elementor-gallery-item__image\" data-thumbnail=\"https:\/\/poliprogram.it\/wp-content\/uploads\/2022\/10\/Poliprogram-lavorazioni-industriali-g8.jpg\" data-width=\"1300\" data-height=\"800\" aria-label=\"\" role=\"img\" ><\/div>\n\t\t\t\t\t\t\t\t\t\t\t<div class=\"elementor-gallery-item__overlay\"><\/div>\n\t\t\t\t\t\t\t\t\t\t\t\t\t\t<\/a>\n\t\t\t\t\t\t\t<a class=\"e-gallery-item elementor-gallery-item elementor-animated-content\" href=\"https:\/\/poliprogram.it\/wp-content\/uploads\/2022\/10\/Poliprogram-lavorazioni-industriali-g4.jpg\" data-elementor-open-lightbox=\"yes\" data-elementor-lightbox-slideshow=\"e971b28\" data-elementor-lightbox-title=\"Poliprogram lavorazioni industriali g4\" data-e-action-hash=\"#elementor-action%3Aaction%3Dlightbox%26settings%3DeyJpZCI6MTg0NiwidXJsIjoiaHR0cHM6XC9cL3BvbGlwcm9ncmFtLml0XC93cC1jb250ZW50XC91cGxvYWRzXC8yMDIyXC8xMFwvUG9saXByb2dyYW0tbGF2b3JhemlvbmktaW5kdXN0cmlhbGktZzQuanBnIiwic2xpZGVzaG93IjoiZTk3MWIyOCJ9\">\n\t\t\t\t\t<div class=\"e-gallery-image elementor-gallery-item__image\" data-thumbnail=\"https:\/\/poliprogram.it\/wp-content\/uploads\/2022\/10\/Poliprogram-lavorazioni-industriali-g4.jpg\" data-width=\"1300\" data-height=\"800\" aria-label=\"\" role=\"img\" ><\/div>\n\t\t\t\t\t\t\t\t\t\t\t<div class=\"elementor-gallery-item__overlay\"><\/div>\n\t\t\t\t\t\t\t\t\t\t\t\t\t\t<\/a>\n\t\t\t\t\t\t\t<a class=\"e-gallery-item elementor-gallery-item elementor-animated-content\" href=\"https:\/\/poliprogram.it\/wp-content\/uploads\/2022\/10\/Poliprogram-lavorazioni-industriali-g1.jpg\" data-elementor-open-lightbox=\"yes\" data-elementor-lightbox-slideshow=\"e971b28\" data-elementor-lightbox-title=\"Poliprogram lavorazioni industriali g1\" data-e-action-hash=\"#elementor-action%3Aaction%3Dlightbox%26settings%3DeyJpZCI6MTg0OSwidXJsIjoiaHR0cHM6XC9cL3BvbGlwcm9ncmFtLml0XC93cC1jb250ZW50XC91cGxvYWRzXC8yMDIyXC8xMFwvUG9saXByb2dyYW0tbGF2b3JhemlvbmktaW5kdXN0cmlhbGktZzEuanBnIiwic2xpZGVzaG93IjoiZTk3MWIyOCJ9\">\n\t\t\t\t\t<div class=\"e-gallery-image elementor-gallery-item__image\" data-thumbnail=\"https:\/\/poliprogram.it\/wp-content\/uploads\/2022\/10\/Poliprogram-lavorazioni-industriali-g1.jpg\" data-width=\"1300\" data-height=\"800\" aria-label=\"\" role=\"img\" ><\/div>\n\t\t\t\t\t\t\t\t\t\t\t<div class=\"elementor-gallery-item__overlay\"><\/div>\n\t\t\t\t\t\t\t\t\t\t\t\t\t\t<\/a>\n\t\t\t\t\t\t\t<a class=\"e-gallery-item elementor-gallery-item elementor-animated-content\" href=\"https:\/\/poliprogram.it\/wp-content\/uploads\/2022\/10\/Progetto-senza-titolo-8.jpg\" data-elementor-open-lightbox=\"yes\" data-elementor-lightbox-slideshow=\"e971b28\" data-elementor-lightbox-title=\"Progetto senza titolo (8)\" data-e-action-hash=\"#elementor-action%3Aaction%3Dlightbox%26settings%3DeyJpZCI6MjA2OCwidXJsIjoiaHR0cHM6XC9cL3BvbGlwcm9ncmFtLml0XC93cC1jb250ZW50XC91cGxvYWRzXC8yMDIyXC8xMFwvUHJvZ2V0dG8tc2VuemEtdGl0b2xvLTguanBnIiwic2xpZGVzaG93IjoiZTk3MWIyOCJ9\">\n\t\t\t\t\t<div class=\"e-gallery-image elementor-gallery-item__image\" data-thumbnail=\"https:\/\/poliprogram.it\/wp-content\/uploads\/2022\/10\/Progetto-senza-titolo-8.jpg\" data-width=\"800\" data-height=\"600\" aria-label=\"\" role=\"img\" ><\/div>\n\t\t\t\t\t\t\t\t\t\t\t<div class=\"elementor-gallery-item__overlay\"><\/div>\n\t\t\t\t\t\t\t\t\t\t\t\t\t\t<\/a>\n\t\t\t\t\t\t\t<a class=\"e-gallery-item elementor-gallery-item elementor-animated-content\" href=\"https:\/\/poliprogram.it\/wp-content\/uploads\/2022\/10\/Progetto-senza-titolo-7.jpg\" data-elementor-open-lightbox=\"yes\" data-elementor-lightbox-slideshow=\"e971b28\" data-elementor-lightbox-title=\"Progetto senza titolo (7)\" data-e-action-hash=\"#elementor-action%3Aaction%3Dlightbox%26settings%3DeyJpZCI6MjA3MCwidXJsIjoiaHR0cHM6XC9cL3BvbGlwcm9ncmFtLml0XC93cC1jb250ZW50XC91cGxvYWRzXC8yMDIyXC8xMFwvUHJvZ2V0dG8tc2VuemEtdGl0b2xvLTcuanBnIiwic2xpZGVzaG93IjoiZTk3MWIyOCJ9\">\n\t\t\t\t\t<div class=\"e-gallery-image elementor-gallery-item__image\" data-thumbnail=\"https:\/\/poliprogram.it\/wp-content\/uploads\/2022\/10\/Progetto-senza-titolo-7.jpg\" data-width=\"800\" data-height=\"600\" aria-label=\"\" role=\"img\" ><\/div>\n\t\t\t\t\t\t\t\t\t\t\t<div class=\"elementor-gallery-item__overlay\"><\/div>\n\t\t\t\t\t\t\t\t\t\t\t\t\t\t<\/a>\n\t\t\t\t\t\t\t<a class=\"e-gallery-item elementor-gallery-item elementor-animated-content\" href=\"https:\/\/poliprogram.it\/wp-content\/uploads\/2022\/10\/Progetto-senza-titolo-9.jpg\" data-elementor-open-lightbox=\"yes\" data-elementor-lightbox-slideshow=\"e971b28\" data-elementor-lightbox-title=\"Progetto senza titolo (9)\" data-e-action-hash=\"#elementor-action%3Aaction%3Dlightbox%26settings%3DeyJpZCI6MjA3MiwidXJsIjoiaHR0cHM6XC9cL3BvbGlwcm9ncmFtLml0XC93cC1jb250ZW50XC91cGxvYWRzXC8yMDIyXC8xMFwvUHJvZ2V0dG8tc2VuemEtdGl0b2xvLTkuanBnIiwic2xpZGVzaG93IjoiZTk3MWIyOCJ9\">\n\t\t\t\t\t<div class=\"e-gallery-image elementor-gallery-item__image\" data-thumbnail=\"https:\/\/poliprogram.it\/wp-content\/uploads\/2022\/10\/Progetto-senza-titolo-9.jpg\" data-width=\"800\" data-height=\"600\" aria-label=\"\" role=\"img\" ><\/div>\n\t\t\t\t\t\t\t\t\t\t\t<div class=\"elementor-gallery-item__overlay\"><\/div>\n\t\t\t\t\t\t\t\t\t\t\t\t\t\t<\/a>\n\t\t\t\t\t\t\t<a class=\"e-gallery-item elementor-gallery-item elementor-animated-content\" href=\"https:\/\/poliprogram.it\/wp-content\/uploads\/2022\/10\/Progetto-senza-titolo-2-6.jpg\" data-elementor-open-lightbox=\"yes\" data-elementor-lightbox-slideshow=\"e971b28\" data-elementor-lightbox-title=\"Progetto senza titolo (2)\" data-e-action-hash=\"#elementor-action%3Aaction%3Dlightbox%26settings%3DeyJpZCI6MjI4MCwidXJsIjoiaHR0cHM6XC9cL3BvbGlwcm9ncmFtLml0XC93cC1jb250ZW50XC91cGxvYWRzXC8yMDIyXC8xMFwvUHJvZ2V0dG8tc2VuemEtdGl0b2xvLTItNi5qcGciLCJzbGlkZXNob3ciOiJlOTcxYjI4In0%3D\">\n\t\t\t\t\t<div class=\"e-gallery-image elementor-gallery-item__image\" data-thumbnail=\"https:\/\/poliprogram.it\/wp-content\/uploads\/2022\/10\/Progetto-senza-titolo-2-6.jpg\" data-width=\"800\" data-height=\"600\" aria-label=\"\" role=\"img\" ><\/div>\n\t\t\t\t\t\t\t\t\t\t\t<div class=\"elementor-gallery-item__overlay\"><\/div>\n\t\t\t\t\t\t\t\t\t\t\t\t\t\t<\/a>\n\t\t\t\t\t\t\t<a class=\"e-gallery-item elementor-gallery-item elementor-animated-content\" href=\"https:\/\/poliprogram.it\/wp-content\/uploads\/2023\/01\/20161031_135638-scaled.jpg\" data-elementor-open-lightbox=\"yes\" data-elementor-lightbox-slideshow=\"e971b28\" data-elementor-lightbox-title=\"20161031_135638\" data-e-action-hash=\"#elementor-action%3Aaction%3Dlightbox%26settings%3DeyJpZCI6MjM2OSwidXJsIjoiaHR0cHM6XC9cL3BvbGlwcm9ncmFtLml0XC93cC1jb250ZW50XC91cGxvYWRzXC8yMDIzXC8wMVwvMjAxNjEwMzFfMTM1NjM4LXNjYWxlZC5qcGciLCJzbGlkZXNob3ciOiJlOTcxYjI4In0%3D\">\n\t\t\t\t\t<div class=\"e-gallery-image elementor-gallery-item__image\" data-thumbnail=\"https:\/\/poliprogram.it\/wp-content\/uploads\/2023\/01\/20161031_135638-scaled.jpg\" data-width=\"1440\" data-height=\"2560\" aria-label=\"\" role=\"img\" ><\/div>\n\t\t\t\t\t\t\t\t\t\t\t<div class=\"elementor-gallery-item__overlay\"><\/div>\n\t\t\t\t\t\t\t\t\t\t\t\t\t\t<\/a>\n\t\t\t\t\t<\/div>\n\t\t\t\t\t<\/div>\n\t\t\t\t<\/div>\n\t\t\t\t\t<\/div>\n\t\t<\/div>\n\t\t\t\t\t<\/div>\n\t\t<\/section>\n\t\t\t\t<\/div>\n\t\t","protected":false},"excerpt":{"rendered":"<p>TRAITEMENT INDUSTRIEL POLIPROGRAM, SECTEUR INDUSTRIEL Nous sommes l&rsquo;un des principaux fabricants de charpente m\u00e9tallique et d&rsquo;usinage pour le secteur industriel dans plusieurs domaines, de la production de machines et d&rsquo;installations industrielles \u00e0 la fourniture de composants pour le secteur de la construction m\u00e9canique.Notre personnel est \u00e0 votre disposition pour concevoir et r\u00e9aliser votre projet.<\/p>\n","protected":false},"author":4,"featured_media":0,"parent":0,"menu_order":0,"comment_status":"closed","ping_status":"closed","template":"","meta":{"footnotes":""},"class_list":["post-1912","page","type-page","status-publish","hentry"],"yoast_head":"<!-- This site is optimized with the Yoast SEO plugin v27.3 - https:\/\/yoast.com\/product\/yoast-seo-wordpress\/ -->\n<title>Traitement industriel - Poliprogram<\/title>\n<meta name=\"robots\" content=\"index, follow, max-snippet:-1, max-image-preview:large, max-video-preview:-1\" \/>\n<link rel=\"canonical\" href=\"https:\/\/poliprogram.it\/fr\/traitement-industriel\/\" \/>\n<meta property=\"og:locale\" content=\"fr_FR\" \/>\n<meta property=\"og:type\" content=\"article\" \/>\n<meta property=\"og:title\" content=\"Traitement industriel - Poliprogram\" \/>\n<meta property=\"og:description\" content=\"TRAITEMENT INDUSTRIEL POLIPROGRAM, SECTEUR INDUSTRIEL Nous sommes l&rsquo;un des principaux fabricants de charpente m\u00e9tallique et d&rsquo;usinage pour le secteur industriel dans plusieurs domaines, de la production de machines et d&rsquo;installations industrielles \u00e0 la fourniture de composants pour le secteur de la construction m\u00e9canique.Notre personnel est \u00e0 votre disposition pour concevoir et r\u00e9aliser votre projet.\" \/>\n<meta property=\"og:url\" content=\"https:\/\/poliprogram.it\/fr\/traitement-industriel\/\" \/>\n<meta property=\"og:site_name\" content=\"Poliprogram\" \/>\n<meta property=\"article:modified_time\" content=\"2023-01-18T14:57:12+00:00\" \/>\n<meta name=\"twitter:card\" content=\"summary_large_image\" \/>\n<script type=\"application\/ld+json\" class=\"yoast-schema-graph\">{\"@context\":\"https:\\\/\\\/schema.org\",\"@graph\":[{\"@type\":\"WebPage\",\"@id\":\"https:\\\/\\\/poliprogram.it\\\/fr\\\/traitement-industriel\\\/\",\"url\":\"https:\\\/\\\/poliprogram.it\\\/fr\\\/traitement-industriel\\\/\",\"name\":\"Traitement industriel - Poliprogram\",\"isPartOf\":{\"@id\":\"https:\\\/\\\/poliprogram.it\\\/#website\"},\"datePublished\":\"2022-09-30T15:51:47+00:00\",\"dateModified\":\"2023-01-18T14:57:12+00:00\",\"breadcrumb\":{\"@id\":\"https:\\\/\\\/poliprogram.it\\\/fr\\\/traitement-industriel\\\/#breadcrumb\"},\"inLanguage\":\"fr-FR\",\"potentialAction\":[{\"@type\":\"ReadAction\",\"target\":[\"https:\\\/\\\/poliprogram.it\\\/fr\\\/traitement-industriel\\\/\"]}]},{\"@type\":\"BreadcrumbList\",\"@id\":\"https:\\\/\\\/poliprogram.it\\\/fr\\\/traitement-industriel\\\/#breadcrumb\",\"itemListElement\":[{\"@type\":\"ListItem\",\"position\":1,\"name\":\"Home\",\"item\":\"https:\\\/\\\/poliprogram.it\\\/fr\\\/accueil\\\/\"},{\"@type\":\"ListItem\",\"position\":2,\"name\":\"Traitement industriel\"}]},{\"@type\":\"WebSite\",\"@id\":\"https:\\\/\\\/poliprogram.it\\\/#website\",\"url\":\"https:\\\/\\\/poliprogram.it\\\/\",\"name\":\"Poliprogram\",\"description\":\"Strutture industriali e civili\",\"publisher\":{\"@id\":\"https:\\\/\\\/poliprogram.it\\\/#organization\"},\"potentialAction\":[{\"@type\":\"SearchAction\",\"target\":{\"@type\":\"EntryPoint\",\"urlTemplate\":\"https:\\\/\\\/poliprogram.it\\\/?s={search_term_string}\"},\"query-input\":{\"@type\":\"PropertyValueSpecification\",\"valueRequired\":true,\"valueName\":\"search_term_string\"}}],\"inLanguage\":\"fr-FR\"},{\"@type\":\"Organization\",\"@id\":\"https:\\\/\\\/poliprogram.it\\\/#organization\",\"name\":\"Poliprogram\",\"url\":\"https:\\\/\\\/poliprogram.it\\\/\",\"logo\":{\"@type\":\"ImageObject\",\"inLanguage\":\"fr-FR\",\"@id\":\"https:\\\/\\\/poliprogram.it\\\/#\\\/schema\\\/logo\\\/image\\\/\",\"url\":\"https:\\\/\\\/poliprogram.it\\\/wp-content\\\/uploads\\\/2022\\\/09\\\/Poliprogram-logo.jpg\",\"contentUrl\":\"https:\\\/\\\/poliprogram.it\\\/wp-content\\\/uploads\\\/2022\\\/09\\\/Poliprogram-logo.jpg\",\"width\":350,\"height\":100,\"caption\":\"Poliprogram\"},\"image\":{\"@id\":\"https:\\\/\\\/poliprogram.it\\\/#\\\/schema\\\/logo\\\/image\\\/\"}}]}<\/script>\n<!-- \/ Yoast SEO plugin. -->","yoast_head_json":{"title":"Traitement industriel - Poliprogram","robots":{"index":"index","follow":"follow","max-snippet":"max-snippet:-1","max-image-preview":"max-image-preview:large","max-video-preview":"max-video-preview:-1"},"canonical":"https:\/\/poliprogram.it\/fr\/traitement-industriel\/","og_locale":"fr_FR","og_type":"article","og_title":"Traitement industriel - Poliprogram","og_description":"TRAITEMENT INDUSTRIEL POLIPROGRAM, SECTEUR INDUSTRIEL Nous sommes l&rsquo;un des principaux fabricants de charpente m\u00e9tallique et d&rsquo;usinage pour le secteur industriel dans plusieurs domaines, de la production de machines et d&rsquo;installations industrielles \u00e0 la fourniture de composants pour le secteur de la construction m\u00e9canique.Notre personnel est \u00e0 votre disposition pour concevoir et r\u00e9aliser votre projet.","og_url":"https:\/\/poliprogram.it\/fr\/traitement-industriel\/","og_site_name":"Poliprogram","article_modified_time":"2023-01-18T14:57:12+00:00","twitter_card":"summary_large_image","schema":{"@context":"https:\/\/schema.org","@graph":[{"@type":"WebPage","@id":"https:\/\/poliprogram.it\/fr\/traitement-industriel\/","url":"https:\/\/poliprogram.it\/fr\/traitement-industriel\/","name":"Traitement industriel - Poliprogram","isPartOf":{"@id":"https:\/\/poliprogram.it\/#website"},"datePublished":"2022-09-30T15:51:47+00:00","dateModified":"2023-01-18T14:57:12+00:00","breadcrumb":{"@id":"https:\/\/poliprogram.it\/fr\/traitement-industriel\/#breadcrumb"},"inLanguage":"fr-FR","potentialAction":[{"@type":"ReadAction","target":["https:\/\/poliprogram.it\/fr\/traitement-industriel\/"]}]},{"@type":"BreadcrumbList","@id":"https:\/\/poliprogram.it\/fr\/traitement-industriel\/#breadcrumb","itemListElement":[{"@type":"ListItem","position":1,"name":"Home","item":"https:\/\/poliprogram.it\/fr\/accueil\/"},{"@type":"ListItem","position":2,"name":"Traitement industriel"}]},{"@type":"WebSite","@id":"https:\/\/poliprogram.it\/#website","url":"https:\/\/poliprogram.it\/","name":"Poliprogram","description":"Strutture industriali e civili","publisher":{"@id":"https:\/\/poliprogram.it\/#organization"},"potentialAction":[{"@type":"SearchAction","target":{"@type":"EntryPoint","urlTemplate":"https:\/\/poliprogram.it\/?s={search_term_string}"},"query-input":{"@type":"PropertyValueSpecification","valueRequired":true,"valueName":"search_term_string"}}],"inLanguage":"fr-FR"},{"@type":"Organization","@id":"https:\/\/poliprogram.it\/#organization","name":"Poliprogram","url":"https:\/\/poliprogram.it\/","logo":{"@type":"ImageObject","inLanguage":"fr-FR","@id":"https:\/\/poliprogram.it\/#\/schema\/logo\/image\/","url":"https:\/\/poliprogram.it\/wp-content\/uploads\/2022\/09\/Poliprogram-logo.jpg","contentUrl":"https:\/\/poliprogram.it\/wp-content\/uploads\/2022\/09\/Poliprogram-logo.jpg","width":350,"height":100,"caption":"Poliprogram"},"image":{"@id":"https:\/\/poliprogram.it\/#\/schema\/logo\/image\/"}}]}},"_links":{"self":[{"href":"https:\/\/poliprogram.it\/fr\/wp-json\/wp\/v2\/pages\/1912","targetHints":{"allow":["GET"]}}],"collection":[{"href":"https:\/\/poliprogram.it\/fr\/wp-json\/wp\/v2\/pages"}],"about":[{"href":"https:\/\/poliprogram.it\/fr\/wp-json\/wp\/v2\/types\/page"}],"author":[{"embeddable":true,"href":"https:\/\/poliprogram.it\/fr\/wp-json\/wp\/v2\/users\/4"}],"replies":[{"embeddable":true,"href":"https:\/\/poliprogram.it\/fr\/wp-json\/wp\/v2\/comments?post=1912"}],"version-history":[{"count":9,"href":"https:\/\/poliprogram.it\/fr\/wp-json\/wp\/v2\/pages\/1912\/revisions"}],"predecessor-version":[{"id":2373,"href":"https:\/\/poliprogram.it\/fr\/wp-json\/wp\/v2\/pages\/1912\/revisions\/2373"}],"wp:attachment":[{"href":"https:\/\/poliprogram.it\/fr\/wp-json\/wp\/v2\/media?parent=1912"}],"curies":[{"name":"wp","href":"https:\/\/api.w.org\/{rel}","templated":true}]}}