{"id":1909,"date":"2022-09-30T17:44:49","date_gmt":"2022-09-30T15:44:49","guid":{"rendered":"https:\/\/poliprogram.it\/installations\/"},"modified":"2022-10-19T12:49:56","modified_gmt":"2022-10-19T10:49:56","slug":"installations","status":"publish","type":"page","link":"https:\/\/poliprogram.it\/fr\/installations\/","title":{"rendered":"Structures et chemin\u00e9es"},"content":{"rendered":"\t\t<div data-elementor-type=\"wp-post\" data-elementor-id=\"1909\" class=\"elementor elementor-1909 elementor-1423\" data-elementor-post-type=\"page\">\n\t\t\t\t\t\t<section class=\"elementor-section elementor-top-section elementor-element elementor-element-485f0e72 elementor-section-full_width elementor-section-height-min-height elementor-section-height-default elementor-section-items-middle\" data-id=\"485f0e72\" data-element_type=\"section\" data-e-type=\"section\" data-settings=\"{&quot;background_background&quot;:&quot;classic&quot;}\">\n\t\t\t\t\t\t\t<div class=\"elementor-background-overlay\"><\/div>\n\t\t\t\t\t\t\t<div class=\"elementor-container elementor-column-gap-default\">\n\t\t\t\t\t<div class=\"elementor-column elementor-col-100 elementor-top-column elementor-element elementor-element-ee0da9\" data-id=\"ee0da9\" data-element_type=\"column\" data-e-type=\"column\">\n\t\t\t<div class=\"elementor-widget-wrap elementor-element-populated\">\n\t\t\t\t\t\t<div class=\"elementor-element elementor-element-1057019b elementor-widget elementor-widget-heading\" data-id=\"1057019b\" data-element_type=\"widget\" data-e-type=\"widget\" data-widget_type=\"heading.default\">\n\t\t\t\t<div class=\"elementor-widget-container\">\n\t\t\t\t\t<h1 class=\"elementor-heading-title elementor-size-default\">STRUCTURES ET CHEMIN\u00c9ES<\/h1>\t\t\t\t<\/div>\n\t\t\t\t<\/div>\n\t\t\t\t\t<\/div>\n\t\t<\/div>\n\t\t\t\t\t<\/div>\n\t\t<\/section>\n\t\t\t\t<section class=\"elementor-section elementor-top-section elementor-element elementor-element-59e8a0c9 elementor-section-full_width elementor-section-height-default elementor-section-height-default\" data-id=\"59e8a0c9\" data-element_type=\"section\" data-e-type=\"section\">\n\t\t\t\t\t\t<div class=\"elementor-container elementor-column-gap-default\">\n\t\t\t\t\t<div class=\"elementor-column elementor-col-100 elementor-top-column elementor-element elementor-element-3493b69e elementor-invisible\" data-id=\"3493b69e\" data-element_type=\"column\" data-e-type=\"column\" data-settings=\"{&quot;animation&quot;:&quot;fadeInLeft&quot;}\">\n\t\t\t<div class=\"elementor-widget-wrap elementor-element-populated\">\n\t\t\t\t\t\t<div class=\"elementor-element elementor-element-6d52f146 elementor-widget elementor-widget-heading\" data-id=\"6d52f146\" data-element_type=\"widget\" data-e-type=\"widget\" data-widget_type=\"heading.default\">\n\t\t\t\t<div class=\"elementor-widget-container\">\n\t\t\t\t\t<h2 class=\"elementor-heading-title elementor-size-default\">POLIPROGRAM, FABRICATION DE STRUCTURES M\u00c9TALLIQUES<\/h2>\t\t\t\t<\/div>\n\t\t\t\t<\/div>\n\t\t\t\t<div class=\"elementor-element elementor-element-7389efb6 elementor-widget-divider--view-line elementor-widget elementor-widget-divider\" data-id=\"7389efb6\" data-element_type=\"widget\" data-e-type=\"widget\" data-widget_type=\"divider.default\">\n\t\t\t\t<div class=\"elementor-widget-container\">\n\t\t\t\t\t\t\t<div class=\"elementor-divider\">\n\t\t\t<span class=\"elementor-divider-separator\">\n\t\t\t\t\t\t<\/span>\n\t\t<\/div>\n\t\t\t\t\t\t<\/div>\n\t\t\t\t<\/div>\n\t\t\t\t<div class=\"elementor-element elementor-element-52ef1edf elementor-widget elementor-widget-text-editor\" data-id=\"52ef1edf\" data-element_type=\"widget\" data-e-type=\"widget\" data-widget_type=\"text-editor.default\">\n\t\t\t\t<div class=\"elementor-widget-container\">\n\t\t\t\t\t\t\t\t\t<p><span style=\"color: var( --e-global-color-4f5717f ); font-weight: var( --e-global-typography-text-font-weight ); background-color: rgba(110, 193, 228, 0); font-size: 1rem;\">Dans les secteurs industriel et agricole, les hangars m\u00e9talliques constituent une excellente alternative aux b\u00e2timents en b\u00e9ton arm\u00e9. La charpente m\u00e9tallique utilisant des structures en acier ou en m\u00e9tal permet de r\u00e9aliser des projets architecturaux pr\u00e9sentant des garanties \u00e9lev\u00e9es de s\u00e9curit\u00e9 sismique, de durabilit\u00e9, de l\u00e9g\u00e8ret\u00e9 par rapport aux autres pr\u00e9fabriqu\u00e9s, de r\u00e9sistance aux agents climatiques et de rapidit\u00e9 de construction.<\/span><\/p>\n<p><font color=\"#295e8c\">\n  <b>POLIPROGRAM&nbsp;<\/b>\n<\/font>\u00e0 Clavesana, con\u00e7oit et r\u00e9alise des structures m\u00e9talliques dans le respect de toutes les r\u00e9glementations applicables, en garantissant une qualit\u00e9 \u00e9lev\u00e9e et le respect des d\u00e9lais.<\/p><p><a href=\"tel:+390173790321\">\n  <span style=\"color: #295e8c;\"><strong>Appelez-nous<\/strong> <\/span>\n<\/a>ou <a href=\"https:\/\/poliprogram.it\/fr\/contact\/\">\n  <span style=\"color: #295e8c;\">\n    <strong>remplir le formulaire de contact<\/strong>\n  <\/span>\n<\/a>notre personnel trouvera avec vous la meilleure proposition.<\/p>\t\t\t\t\t\t\t\t<\/div>\n\t\t\t\t<\/div>\n\t\t\t\t\t<\/div>\n\t\t<\/div>\n\t\t\t\t\t<\/div>\n\t\t<\/section>\n\t\t\t\t<section class=\"elementor-section elementor-top-section elementor-element elementor-element-20d2ebcb elementor-section-full_width elementor-section-height-default elementor-section-height-default\" data-id=\"20d2ebcb\" data-element_type=\"section\" data-e-type=\"section\">\n\t\t\t\t\t\t<div class=\"elementor-container elementor-column-gap-default\">\n\t\t\t\t\t<div class=\"elementor-column elementor-col-100 elementor-top-column elementor-element elementor-element-25ed5cd\" data-id=\"25ed5cd\" data-element_type=\"column\" data-e-type=\"column\">\n\t\t\t<div class=\"elementor-widget-wrap elementor-element-populated\">\n\t\t\t\t\t\t<div class=\"elementor-element elementor-element-29098be elementor-widget elementor-widget-gallery\" data-id=\"29098be\" data-element_type=\"widget\" data-e-type=\"widget\" data-settings=\"{&quot;image_hover_animation&quot;:&quot;grow&quot;,&quot;columns&quot;:3,&quot;lazyload&quot;:&quot;yes&quot;,&quot;gallery_layout&quot;:&quot;grid&quot;,&quot;columns_tablet&quot;:2,&quot;columns_mobile&quot;:1,&quot;gap&quot;:{&quot;unit&quot;:&quot;px&quot;,&quot;size&quot;:10,&quot;sizes&quot;:[]},&quot;gap_tablet&quot;:{&quot;unit&quot;:&quot;px&quot;,&quot;size&quot;:10,&quot;sizes&quot;:[]},&quot;gap_mobile&quot;:{&quot;unit&quot;:&quot;px&quot;,&quot;size&quot;:10,&quot;sizes&quot;:[]},&quot;link_to&quot;:&quot;file&quot;,&quot;aspect_ratio&quot;:&quot;3:2&quot;,&quot;overlay_background&quot;:&quot;yes&quot;,&quot;content_hover_animation&quot;:&quot;fade-in&quot;}\" data-widget_type=\"gallery.default\">\n\t\t\t\t<div class=\"elementor-widget-container\">\n\t\t\t\t\t\t\t<div class=\"elementor-gallery__container\">\n\t\t\t\t\t\t\t<a class=\"e-gallery-item elementor-gallery-item elementor-animated-content\" href=\"https:\/\/poliprogram.it\/wp-content\/uploads\/2022\/10\/poliprogram-strutture-metalliche-g2.jpg\" data-elementor-open-lightbox=\"yes\" data-elementor-lightbox-slideshow=\"29098be\" data-elementor-lightbox-title=\"poliprogram strutture metalliche g2\" data-e-action-hash=\"#elementor-action%3Aaction%3Dlightbox%26settings%3DeyJpZCI6MTg3MywidXJsIjoiaHR0cHM6XC9cL3BvbGlwcm9ncmFtLml0XC93cC1jb250ZW50XC91cGxvYWRzXC8yMDIyXC8xMFwvcG9saXByb2dyYW0tc3RydXR0dXJlLW1ldGFsbGljaGUtZzIuanBnIiwic2xpZGVzaG93IjoiMjkwOThiZSJ9\">\n\t\t\t\t\t<div class=\"e-gallery-image elementor-gallery-item__image\" data-thumbnail=\"https:\/\/poliprogram.it\/wp-content\/uploads\/2022\/10\/poliprogram-strutture-metalliche-g2.jpg\" data-width=\"1300\" data-height=\"800\" aria-label=\"\" role=\"img\" ><\/div>\n\t\t\t\t\t\t\t\t\t\t\t<div class=\"elementor-gallery-item__overlay\"><\/div>\n\t\t\t\t\t\t\t\t\t\t\t\t\t\t<\/a>\n\t\t\t\t\t\t\t<a class=\"e-gallery-item elementor-gallery-item elementor-animated-content\" href=\"https:\/\/poliprogram.it\/wp-content\/uploads\/2022\/10\/Progetto-senza-titolo-24.jpg\" data-elementor-open-lightbox=\"yes\" data-elementor-lightbox-slideshow=\"29098be\" data-elementor-lightbox-title=\"Progetto senza titolo\" data-e-action-hash=\"#elementor-action%3Aaction%3Dlightbox%26settings%3DeyJpZCI6MjI3MiwidXJsIjoiaHR0cHM6XC9cL3BvbGlwcm9ncmFtLml0XC93cC1jb250ZW50XC91cGxvYWRzXC8yMDIyXC8xMFwvUHJvZ2V0dG8tc2VuemEtdGl0b2xvLTI0LmpwZyIsInNsaWRlc2hvdyI6IjI5MDk4YmUifQ%3D%3D\">\n\t\t\t\t\t<div class=\"e-gallery-image elementor-gallery-item__image\" data-thumbnail=\"https:\/\/poliprogram.it\/wp-content\/uploads\/2022\/10\/Progetto-senza-titolo-24.jpg\" data-width=\"800\" data-height=\"600\" aria-label=\"\" role=\"img\" ><\/div>\n\t\t\t\t\t\t\t\t\t\t\t<div class=\"elementor-gallery-item__overlay\"><\/div>\n\t\t\t\t\t\t\t\t\t\t\t\t\t\t<\/a>\n\t\t\t\t\t\t\t<a class=\"e-gallery-item elementor-gallery-item elementor-animated-content\" href=\"https:\/\/poliprogram.it\/wp-content\/uploads\/2022\/10\/Progetto-senza-titolo-1-7.jpg\" data-elementor-open-lightbox=\"yes\" data-elementor-lightbox-slideshow=\"29098be\" data-elementor-lightbox-title=\"Progetto senza titolo (1)\" data-e-action-hash=\"#elementor-action%3Aaction%3Dlightbox%26settings%3DeyJpZCI6MjI3NCwidXJsIjoiaHR0cHM6XC9cL3BvbGlwcm9ncmFtLml0XC93cC1jb250ZW50XC91cGxvYWRzXC8yMDIyXC8xMFwvUHJvZ2V0dG8tc2VuemEtdGl0b2xvLTEtNy5qcGciLCJzbGlkZXNob3ciOiIyOTA5OGJlIn0%3D\">\n\t\t\t\t\t<div class=\"e-gallery-image elementor-gallery-item__image\" data-thumbnail=\"https:\/\/poliprogram.it\/wp-content\/uploads\/2022\/10\/Progetto-senza-titolo-1-7.jpg\" data-width=\"800\" data-height=\"600\" aria-label=\"\" role=\"img\" ><\/div>\n\t\t\t\t\t\t\t\t\t\t\t<div class=\"elementor-gallery-item__overlay\"><\/div>\n\t\t\t\t\t\t\t\t\t\t\t\t\t\t<\/a>\n\t\t\t\t\t<\/div>\n\t\t\t\t\t<\/div>\n\t\t\t\t<\/div>\n\t\t\t\t\t<\/div>\n\t\t<\/div>\n\t\t\t\t\t<\/div>\n\t\t<\/section>\n\t\t\t\t<section class=\"elementor-section elementor-top-section elementor-element elementor-element-61470393 elementor-section-full_width elementor-section-height-default elementor-section-height-default elementor-invisible\" data-id=\"61470393\" data-element_type=\"section\" data-e-type=\"section\" data-settings=\"{&quot;animation&quot;:&quot;slideInLeft&quot;}\">\n\t\t\t\t\t\t<div class=\"elementor-container elementor-column-gap-default\">\n\t\t\t\t\t<div class=\"elementor-column elementor-col-100 elementor-top-column elementor-element elementor-element-65de8f7d\" data-id=\"65de8f7d\" data-element_type=\"column\" data-e-type=\"column\">\n\t\t\t<div class=\"elementor-widget-wrap elementor-element-populated\">\n\t\t\t\t\t\t<div class=\"elementor-element elementor-element-458b12d9 elementor-widget elementor-widget-heading\" data-id=\"458b12d9\" data-element_type=\"widget\" data-e-type=\"widget\" data-widget_type=\"heading.default\">\n\t\t\t\t<div class=\"elementor-widget-container\">\n\t\t\t\t\t<h2 class=\"elementor-heading-title elementor-size-default\">POLIPROGRAM, FABRICATION DE PRODUITS EN T\u00d4LE<\/h2>\t\t\t\t<\/div>\n\t\t\t\t<\/div>\n\t\t\t\t<div class=\"elementor-element elementor-element-6b5c4a8 elementor-widget-divider--view-line elementor-widget elementor-widget-divider\" data-id=\"6b5c4a8\" data-element_type=\"widget\" data-e-type=\"widget\" data-widget_type=\"divider.default\">\n\t\t\t\t<div class=\"elementor-widget-container\">\n\t\t\t\t\t\t\t<div class=\"elementor-divider\">\n\t\t\t<span class=\"elementor-divider-separator\">\n\t\t\t\t\t\t<\/span>\n\t\t<\/div>\n\t\t\t\t\t\t<\/div>\n\t\t\t\t<\/div>\n\t\t\t\t<div class=\"elementor-element elementor-element-79dbc09c elementor-widget elementor-widget-text-editor\" data-id=\"79dbc09c\" data-element_type=\"widget\" data-e-type=\"widget\" data-widget_type=\"text-editor.default\">\n\t\t\t\t<div class=\"elementor-widget-container\">\n\t\t\t\t\t\t\t\t\t<p><font color=\"#295e8c\">\n  <b>POLIPROGRAM&nbsp;<\/b>\n<\/font>poss\u00e8de de nombreuses ann\u00e9es d&rsquo;exp\u00e9rience et un haut niveau de professionnalisme dans le domaine de la m\u00e9tallurgie et de la production de produits de menuiserie m\u00e9tallique.<br>En particulier, elle fabrique des produits en t\u00f4le, notamment des chemin\u00e9es et des pots de chemin\u00e9e.<br>L&rsquo;utilisation des technologies les plus innovantes dans le domaine du traitement de la t\u00f4le constitue le principal atout de l&rsquo;entreprise. <span style=\"color: #295e8c;\">\n  <strong>POLIPROGRAM<\/strong>\n<\/span>. Sur notre site de Clavesana, nous fabriquons des pi\u00e8ces de t\u00f4le sur mesure en fonction des besoins de nos clients afin de satisfaire toutes les demandes, m\u00eame les plus probl\u00e9matiques.<br>Notre personnel peut fournir des informations pr\u00e9cieuses sur les formes, les mat\u00e9riaux, les dimensions, les traitements et les couleurs des produits fabriqu\u00e9s.<\/p>\n<p><a href=\"tel:+390173790321\">\n  <span style=\"color: #295e8c;\"><strong>Appelez-nous<\/strong> <\/span>\n<\/a>ou <a href=\"https:\/\/poliprogram.it\/fr\/contact\/\">\n  <span style=\"color: #295e8c;\">\n    <strong>remplir le formulaire de contact<\/strong>\n  <\/span>\n<\/a>notre personnel trouvera avec vous la meilleure proposition.<\/p>\t\t\t\t\t\t\t\t<\/div>\n\t\t\t\t<\/div>\n\t\t\t\t\t<\/div>\n\t\t<\/div>\n\t\t\t\t\t<\/div>\n\t\t<\/section>\n\t\t\t\t<section class=\"elementor-section elementor-top-section elementor-element elementor-element-1d6b0d90 elementor-section-full_width elementor-section-height-default elementor-section-height-default\" data-id=\"1d6b0d90\" data-element_type=\"section\" data-e-type=\"section\">\n\t\t\t\t\t\t<div class=\"elementor-container elementor-column-gap-default\">\n\t\t\t\t\t<div class=\"elementor-column elementor-col-100 elementor-top-column elementor-element elementor-element-6ce9a214\" data-id=\"6ce9a214\" data-element_type=\"column\" data-e-type=\"column\">\n\t\t\t<div class=\"elementor-widget-wrap elementor-element-populated\">\n\t\t\t\t\t\t<div class=\"elementor-element elementor-element-4f527ce1 elementor-widget elementor-widget-gallery\" data-id=\"4f527ce1\" data-element_type=\"widget\" data-e-type=\"widget\" data-settings=\"{&quot;image_hover_animation&quot;:&quot;grow&quot;,&quot;columns&quot;:3,&quot;lazyload&quot;:&quot;yes&quot;,&quot;gallery_layout&quot;:&quot;grid&quot;,&quot;columns_tablet&quot;:2,&quot;columns_mobile&quot;:1,&quot;gap&quot;:{&quot;unit&quot;:&quot;px&quot;,&quot;size&quot;:10,&quot;sizes&quot;:[]},&quot;gap_tablet&quot;:{&quot;unit&quot;:&quot;px&quot;,&quot;size&quot;:10,&quot;sizes&quot;:[]},&quot;gap_mobile&quot;:{&quot;unit&quot;:&quot;px&quot;,&quot;size&quot;:10,&quot;sizes&quot;:[]},&quot;link_to&quot;:&quot;file&quot;,&quot;aspect_ratio&quot;:&quot;3:2&quot;,&quot;overlay_background&quot;:&quot;yes&quot;,&quot;content_hover_animation&quot;:&quot;fade-in&quot;}\" data-widget_type=\"gallery.default\">\n\t\t\t\t<div class=\"elementor-widget-container\">\n\t\t\t\t\t\t\t<div class=\"elementor-gallery__container\">\n\t\t\t\t\t\t\t<a class=\"e-gallery-item elementor-gallery-item elementor-animated-content\" href=\"https:\/\/poliprogram.it\/wp-content\/uploads\/2022\/10\/Poliprogram-camini-g7.jpg\" data-elementor-open-lightbox=\"yes\" data-elementor-lightbox-slideshow=\"4f527ce1\" data-elementor-lightbox-title=\"Poliprogram camini g7\" data-e-action-hash=\"#elementor-action%3Aaction%3Dlightbox%26settings%3DeyJpZCI6MTgyOSwidXJsIjoiaHR0cHM6XC9cL3BvbGlwcm9ncmFtLml0XC93cC1jb250ZW50XC91cGxvYWRzXC8yMDIyXC8xMFwvUG9saXByb2dyYW0tY2FtaW5pLWc3LmpwZyIsInNsaWRlc2hvdyI6IjRmNTI3Y2UxIn0%3D\">\n\t\t\t\t\t<div class=\"e-gallery-image elementor-gallery-item__image\" data-thumbnail=\"https:\/\/poliprogram.it\/wp-content\/uploads\/2022\/10\/Poliprogram-camini-g7.jpg\" data-width=\"1300\" data-height=\"800\" aria-label=\"\" role=\"img\" ><\/div>\n\t\t\t\t\t\t\t\t\t\t\t<div class=\"elementor-gallery-item__overlay\"><\/div>\n\t\t\t\t\t\t\t\t\t\t\t\t\t\t<\/a>\n\t\t\t\t\t\t\t<a class=\"e-gallery-item elementor-gallery-item elementor-animated-content\" href=\"https:\/\/poliprogram.it\/wp-content\/uploads\/2022\/10\/Poliprogram-camini-g4.jpg\" data-elementor-open-lightbox=\"yes\" data-elementor-lightbox-slideshow=\"4f527ce1\" data-elementor-lightbox-title=\"Poliprogram camini g4\" data-e-action-hash=\"#elementor-action%3Aaction%3Dlightbox%26settings%3DeyJpZCI6MTgzMiwidXJsIjoiaHR0cHM6XC9cL3BvbGlwcm9ncmFtLml0XC93cC1jb250ZW50XC91cGxvYWRzXC8yMDIyXC8xMFwvUG9saXByb2dyYW0tY2FtaW5pLWc0LmpwZyIsInNsaWRlc2hvdyI6IjRmNTI3Y2UxIn0%3D\">\n\t\t\t\t\t<div class=\"e-gallery-image elementor-gallery-item__image\" data-thumbnail=\"https:\/\/poliprogram.it\/wp-content\/uploads\/2022\/10\/Poliprogram-camini-g4.jpg\" data-width=\"1300\" data-height=\"800\" aria-label=\"\" role=\"img\" ><\/div>\n\t\t\t\t\t\t\t\t\t\t\t<div class=\"elementor-gallery-item__overlay\"><\/div>\n\t\t\t\t\t\t\t\t\t\t\t\t\t\t<\/a>\n\t\t\t\t\t\t\t<a class=\"e-gallery-item elementor-gallery-item elementor-animated-content\" href=\"https:\/\/poliprogram.it\/wp-content\/uploads\/2022\/10\/Poliprogram-camini-g3.jpg\" data-elementor-open-lightbox=\"yes\" data-elementor-lightbox-slideshow=\"4f527ce1\" data-elementor-lightbox-title=\"Poliprogram camini g3\" data-e-action-hash=\"#elementor-action%3Aaction%3Dlightbox%26settings%3DeyJpZCI6MTgzMywidXJsIjoiaHR0cHM6XC9cL3BvbGlwcm9ncmFtLml0XC93cC1jb250ZW50XC91cGxvYWRzXC8yMDIyXC8xMFwvUG9saXByb2dyYW0tY2FtaW5pLWczLmpwZyIsInNsaWRlc2hvdyI6IjRmNTI3Y2UxIn0%3D\">\n\t\t\t\t\t<div class=\"e-gallery-image elementor-gallery-item__image\" data-thumbnail=\"https:\/\/poliprogram.it\/wp-content\/uploads\/2022\/10\/Poliprogram-camini-g3.jpg\" data-width=\"1300\" data-height=\"800\" aria-label=\"\" role=\"img\" ><\/div>\n\t\t\t\t\t\t\t\t\t\t\t<div class=\"elementor-gallery-item__overlay\"><\/div>\n\t\t\t\t\t\t\t\t\t\t\t\t\t\t<\/a>\n\t\t\t\t\t<\/div>\n\t\t\t\t\t<\/div>\n\t\t\t\t<\/div>\n\t\t\t\t\t<\/div>\n\t\t<\/div>\n\t\t\t\t\t<\/div>\n\t\t<\/section>\n\t\t\t\t<\/div>\n\t\t","protected":false},"excerpt":{"rendered":"<p>STRUCTURES ET CHEMIN\u00c9ES POLIPROGRAM, FABRICATION DE STRUCTURES M\u00c9TALLIQUES Dans les secteurs industriel et agricole, les hangars m\u00e9talliques constituent une excellente alternative aux b\u00e2timents en b\u00e9ton arm\u00e9. La charpente m\u00e9tallique utilisant des structures en acier ou en m\u00e9tal permet de r\u00e9aliser des projets architecturaux pr\u00e9sentant des garanties \u00e9lev\u00e9es de s\u00e9curit\u00e9 sismique, de durabilit\u00e9, de l\u00e9g\u00e8ret\u00e9 par [&hellip;]<\/p>\n","protected":false},"author":4,"featured_media":0,"parent":0,"menu_order":0,"comment_status":"closed","ping_status":"closed","template":"","meta":{"footnotes":""},"class_list":["post-1909","page","type-page","status-publish","hentry"],"yoast_head":"<!-- This site is optimized with the Yoast SEO plugin v27.3 - https:\/\/yoast.com\/product\/yoast-seo-wordpress\/ -->\n<title>Structures et chemin\u00e9es - Poliprogram<\/title>\n<meta name=\"robots\" content=\"index, follow, max-snippet:-1, max-image-preview:large, max-video-preview:-1\" \/>\n<link rel=\"canonical\" href=\"https:\/\/poliprogram.it\/fr\/installations\/\" \/>\n<meta property=\"og:locale\" content=\"fr_FR\" \/>\n<meta property=\"og:type\" content=\"article\" \/>\n<meta property=\"og:title\" content=\"Structures et chemin\u00e9es - Poliprogram\" \/>\n<meta property=\"og:description\" content=\"STRUCTURES ET CHEMIN\u00c9ES POLIPROGRAM, FABRICATION DE STRUCTURES M\u00c9TALLIQUES Dans les secteurs industriel et agricole, les hangars m\u00e9talliques constituent une excellente alternative aux b\u00e2timents en b\u00e9ton arm\u00e9. La charpente m\u00e9tallique utilisant des structures en acier ou en m\u00e9tal permet de r\u00e9aliser des projets architecturaux pr\u00e9sentant des garanties \u00e9lev\u00e9es de s\u00e9curit\u00e9 sismique, de durabilit\u00e9, de l\u00e9g\u00e8ret\u00e9 par [&hellip;]\" \/>\n<meta property=\"og:url\" content=\"https:\/\/poliprogram.it\/fr\/installations\/\" \/>\n<meta property=\"og:site_name\" content=\"Poliprogram\" \/>\n<meta property=\"article:modified_time\" content=\"2022-10-19T10:49:56+00:00\" \/>\n<meta name=\"twitter:card\" content=\"summary_large_image\" \/>\n<meta name=\"twitter:label1\" content=\"Dur\u00e9e de lecture estim\u00e9e\" \/>\n\t<meta name=\"twitter:data1\" content=\"1 minute\" \/>\n<script type=\"application\/ld+json\" class=\"yoast-schema-graph\">{\"@context\":\"https:\\\/\\\/schema.org\",\"@graph\":[{\"@type\":\"WebPage\",\"@id\":\"https:\\\/\\\/poliprogram.it\\\/fr\\\/installations\\\/\",\"url\":\"https:\\\/\\\/poliprogram.it\\\/fr\\\/installations\\\/\",\"name\":\"Structures et chemin\u00e9es - Poliprogram\",\"isPartOf\":{\"@id\":\"https:\\\/\\\/poliprogram.it\\\/#website\"},\"datePublished\":\"2022-09-30T15:44:49+00:00\",\"dateModified\":\"2022-10-19T10:49:56+00:00\",\"breadcrumb\":{\"@id\":\"https:\\\/\\\/poliprogram.it\\\/fr\\\/installations\\\/#breadcrumb\"},\"inLanguage\":\"fr-FR\",\"potentialAction\":[{\"@type\":\"ReadAction\",\"target\":[\"https:\\\/\\\/poliprogram.it\\\/fr\\\/installations\\\/\"]}]},{\"@type\":\"BreadcrumbList\",\"@id\":\"https:\\\/\\\/poliprogram.it\\\/fr\\\/installations\\\/#breadcrumb\",\"itemListElement\":[{\"@type\":\"ListItem\",\"position\":1,\"name\":\"Home\",\"item\":\"https:\\\/\\\/poliprogram.it\\\/fr\\\/accueil\\\/\"},{\"@type\":\"ListItem\",\"position\":2,\"name\":\"Structures et chemin\u00e9es\"}]},{\"@type\":\"WebSite\",\"@id\":\"https:\\\/\\\/poliprogram.it\\\/#website\",\"url\":\"https:\\\/\\\/poliprogram.it\\\/\",\"name\":\"Poliprogram\",\"description\":\"Strutture industriali e civili\",\"publisher\":{\"@id\":\"https:\\\/\\\/poliprogram.it\\\/#organization\"},\"potentialAction\":[{\"@type\":\"SearchAction\",\"target\":{\"@type\":\"EntryPoint\",\"urlTemplate\":\"https:\\\/\\\/poliprogram.it\\\/?s={search_term_string}\"},\"query-input\":{\"@type\":\"PropertyValueSpecification\",\"valueRequired\":true,\"valueName\":\"search_term_string\"}}],\"inLanguage\":\"fr-FR\"},{\"@type\":\"Organization\",\"@id\":\"https:\\\/\\\/poliprogram.it\\\/#organization\",\"name\":\"Poliprogram\",\"url\":\"https:\\\/\\\/poliprogram.it\\\/\",\"logo\":{\"@type\":\"ImageObject\",\"inLanguage\":\"fr-FR\",\"@id\":\"https:\\\/\\\/poliprogram.it\\\/#\\\/schema\\\/logo\\\/image\\\/\",\"url\":\"https:\\\/\\\/poliprogram.it\\\/wp-content\\\/uploads\\\/2022\\\/09\\\/Poliprogram-logo.jpg\",\"contentUrl\":\"https:\\\/\\\/poliprogram.it\\\/wp-content\\\/uploads\\\/2022\\\/09\\\/Poliprogram-logo.jpg\",\"width\":350,\"height\":100,\"caption\":\"Poliprogram\"},\"image\":{\"@id\":\"https:\\\/\\\/poliprogram.it\\\/#\\\/schema\\\/logo\\\/image\\\/\"}}]}<\/script>\n<!-- \/ Yoast SEO plugin. -->","yoast_head_json":{"title":"Structures et chemin\u00e9es - Poliprogram","robots":{"index":"index","follow":"follow","max-snippet":"max-snippet:-1","max-image-preview":"max-image-preview:large","max-video-preview":"max-video-preview:-1"},"canonical":"https:\/\/poliprogram.it\/fr\/installations\/","og_locale":"fr_FR","og_type":"article","og_title":"Structures et chemin\u00e9es - Poliprogram","og_description":"STRUCTURES ET CHEMIN\u00c9ES POLIPROGRAM, FABRICATION DE STRUCTURES M\u00c9TALLIQUES Dans les secteurs industriel et agricole, les hangars m\u00e9talliques constituent une excellente alternative aux b\u00e2timents en b\u00e9ton arm\u00e9. La charpente m\u00e9tallique utilisant des structures en acier ou en m\u00e9tal permet de r\u00e9aliser des projets architecturaux pr\u00e9sentant des garanties \u00e9lev\u00e9es de s\u00e9curit\u00e9 sismique, de durabilit\u00e9, de l\u00e9g\u00e8ret\u00e9 par [&hellip;]","og_url":"https:\/\/poliprogram.it\/fr\/installations\/","og_site_name":"Poliprogram","article_modified_time":"2022-10-19T10:49:56+00:00","twitter_card":"summary_large_image","twitter_misc":{"Dur\u00e9e de lecture estim\u00e9e":"1 minute"},"schema":{"@context":"https:\/\/schema.org","@graph":[{"@type":"WebPage","@id":"https:\/\/poliprogram.it\/fr\/installations\/","url":"https:\/\/poliprogram.it\/fr\/installations\/","name":"Structures et chemin\u00e9es - Poliprogram","isPartOf":{"@id":"https:\/\/poliprogram.it\/#website"},"datePublished":"2022-09-30T15:44:49+00:00","dateModified":"2022-10-19T10:49:56+00:00","breadcrumb":{"@id":"https:\/\/poliprogram.it\/fr\/installations\/#breadcrumb"},"inLanguage":"fr-FR","potentialAction":[{"@type":"ReadAction","target":["https:\/\/poliprogram.it\/fr\/installations\/"]}]},{"@type":"BreadcrumbList","@id":"https:\/\/poliprogram.it\/fr\/installations\/#breadcrumb","itemListElement":[{"@type":"ListItem","position":1,"name":"Home","item":"https:\/\/poliprogram.it\/fr\/accueil\/"},{"@type":"ListItem","position":2,"name":"Structures et chemin\u00e9es"}]},{"@type":"WebSite","@id":"https:\/\/poliprogram.it\/#website","url":"https:\/\/poliprogram.it\/","name":"Poliprogram","description":"Strutture industriali e civili","publisher":{"@id":"https:\/\/poliprogram.it\/#organization"},"potentialAction":[{"@type":"SearchAction","target":{"@type":"EntryPoint","urlTemplate":"https:\/\/poliprogram.it\/?s={search_term_string}"},"query-input":{"@type":"PropertyValueSpecification","valueRequired":true,"valueName":"search_term_string"}}],"inLanguage":"fr-FR"},{"@type":"Organization","@id":"https:\/\/poliprogram.it\/#organization","name":"Poliprogram","url":"https:\/\/poliprogram.it\/","logo":{"@type":"ImageObject","inLanguage":"fr-FR","@id":"https:\/\/poliprogram.it\/#\/schema\/logo\/image\/","url":"https:\/\/poliprogram.it\/wp-content\/uploads\/2022\/09\/Poliprogram-logo.jpg","contentUrl":"https:\/\/poliprogram.it\/wp-content\/uploads\/2022\/09\/Poliprogram-logo.jpg","width":350,"height":100,"caption":"Poliprogram"},"image":{"@id":"https:\/\/poliprogram.it\/#\/schema\/logo\/image\/"}}]}},"_links":{"self":[{"href":"https:\/\/poliprogram.it\/fr\/wp-json\/wp\/v2\/pages\/1909","targetHints":{"allow":["GET"]}}],"collection":[{"href":"https:\/\/poliprogram.it\/fr\/wp-json\/wp\/v2\/pages"}],"about":[{"href":"https:\/\/poliprogram.it\/fr\/wp-json\/wp\/v2\/types\/page"}],"author":[{"embeddable":true,"href":"https:\/\/poliprogram.it\/fr\/wp-json\/wp\/v2\/users\/4"}],"replies":[{"embeddable":true,"href":"https:\/\/poliprogram.it\/fr\/wp-json\/wp\/v2\/comments?post=1909"}],"version-history":[{"count":9,"href":"https:\/\/poliprogram.it\/fr\/wp-json\/wp\/v2\/pages\/1909\/revisions"}],"predecessor-version":[{"id":2316,"href":"https:\/\/poliprogram.it\/fr\/wp-json\/wp\/v2\/pages\/1909\/revisions\/2316"}],"wp:attachment":[{"href":"https:\/\/poliprogram.it\/fr\/wp-json\/wp\/v2\/media?parent=1909"}],"curies":[{"name":"wp","href":"https:\/\/api.w.org\/{rel}","templated":true}]}}