{"id":1908,"date":"2022-08-18T12:44:11","date_gmt":"2022-08-18T10:44:11","guid":{"rendered":"https:\/\/poliprogram.it\/portes-et-portails\/"},"modified":"2023-02-27T19:46:50","modified_gmt":"2023-02-27T17:46:50","slug":"portes-et-portails","status":"publish","type":"page","link":"https:\/\/poliprogram.it\/fr\/portes-et-portails\/","title":{"rendered":"Portes et portails"},"content":{"rendered":"\t\t<div data-elementor-type=\"wp-post\" data-elementor-id=\"1908\" class=\"elementor elementor-1908 elementor-75\" data-elementor-post-type=\"page\">\n\t\t\t\t\t\t<section class=\"elementor-section elementor-top-section elementor-element elementor-element-70af531 elementor-section-full_width elementor-section-height-min-height elementor-section-height-default elementor-section-items-middle\" data-id=\"70af531\" data-element_type=\"section\" data-e-type=\"section\" data-settings=\"{&quot;background_background&quot;:&quot;classic&quot;}\">\n\t\t\t\t\t\t\t<div class=\"elementor-background-overlay\"><\/div>\n\t\t\t\t\t\t\t<div class=\"elementor-container elementor-column-gap-default\">\n\t\t\t\t\t<div class=\"elementor-column elementor-col-100 elementor-top-column elementor-element elementor-element-50a69334\" data-id=\"50a69334\" data-element_type=\"column\" data-e-type=\"column\">\n\t\t\t<div class=\"elementor-widget-wrap elementor-element-populated\">\n\t\t\t\t\t\t<div class=\"elementor-element elementor-element-376dd428 elementor-widget elementor-widget-heading\" data-id=\"376dd428\" data-element_type=\"widget\" data-e-type=\"widget\" data-widget_type=\"heading.default\">\n\t\t\t\t<div class=\"elementor-widget-container\">\n\t\t\t\t\t<h1 class=\"elementor-heading-title elementor-size-default\">PORTES ET PORTAILS<\/h1>\t\t\t\t<\/div>\n\t\t\t\t<\/div>\n\t\t\t\t\t<\/div>\n\t\t<\/div>\n\t\t\t\t\t<\/div>\n\t\t<\/section>\n\t\t\t\t<section class=\"elementor-section elementor-top-section elementor-element elementor-element-1a7d8797 elementor-section-full_width elementor-section-height-default elementor-section-height-default elementor-invisible\" data-id=\"1a7d8797\" data-element_type=\"section\" data-e-type=\"section\" data-settings=\"{&quot;animation&quot;:&quot;slideInLeft&quot;}\">\n\t\t\t\t\t\t<div class=\"elementor-container elementor-column-gap-default\">\n\t\t\t\t\t<div class=\"elementor-column elementor-col-100 elementor-top-column elementor-element elementor-element-3da38787\" data-id=\"3da38787\" data-element_type=\"column\" data-e-type=\"column\">\n\t\t\t<div class=\"elementor-widget-wrap elementor-element-populated\">\n\t\t\t\t\t\t<div class=\"elementor-element elementor-element-300bfeb6 elementor-widget elementor-widget-heading\" data-id=\"300bfeb6\" data-element_type=\"widget\" data-e-type=\"widget\" data-widget_type=\"heading.default\">\n\t\t\t\t<div class=\"elementor-widget-container\">\n\t\t\t\t\t<h2 class=\"elementor-heading-title elementor-size-default\">POLIPROGRAM, FABRICATION DE PORTES ET PORTAILS M\u00c9TALLIQUES<\/h2>\t\t\t\t<\/div>\n\t\t\t\t<\/div>\n\t\t\t\t<div class=\"elementor-element elementor-element-737f01f elementor-widget-divider--view-line elementor-widget elementor-widget-divider\" data-id=\"737f01f\" data-element_type=\"widget\" data-e-type=\"widget\" data-widget_type=\"divider.default\">\n\t\t\t\t<div class=\"elementor-widget-container\">\n\t\t\t\t\t\t\t<div class=\"elementor-divider\">\n\t\t\t<span class=\"elementor-divider-separator\">\n\t\t\t\t\t\t<\/span>\n\t\t<\/div>\n\t\t\t\t\t\t<\/div>\n\t\t\t\t<\/div>\n\t\t\t\t<div class=\"elementor-element elementor-element-22e0634f elementor-widget elementor-widget-text-editor\" data-id=\"22e0634f\" data-element_type=\"widget\" data-e-type=\"widget\" data-widget_type=\"text-editor.default\">\n\t\t\t\t<div class=\"elementor-widget-container\">\n\t\t\t\t\t\t\t\t\t<p><span style=\"background-color: rgba(110, 193, 228, 0);\"><span style=\"color: #295e8c;\"><b>POLIPROGRAM d<\/b><\/span>e Clavesana, con\u00e7oit, fabrique et installe des portes et des serrures pour tous les b\u00e2timents, civils et industriels.<\/span><\/p>\n<p>Nous r\u00e9alisons des propositions de style classique ou moderne, int\u00e9grant ainsi nos r\u00e9alisations aux b\u00e2timents et garantissant un r\u00e9sultat esth\u00e9tique optimal.<br>Pour assurer la s\u00e9curit\u00e9 des b\u00e2timents, nous fabriquons \u00e9galement des portes blind\u00e9es sur mesure. La force de&nbsp;<span style=\"color: #295e8c;\"><b>POLIPROGRAM&nbsp;<\/b><\/span>est le service personnalis\u00e9 offert \u00e0 ses clients ainsi que la comp\u00e9tence de l&rsquo;ensemble de son personnel.<\/p>\n<p><span style=\"color: #295e8c;\"><a style=\"color: #295e8c;\" href=\"https:\/\/poliprogram.it\/fr\/contact\/\"><strong>Nous contacter <\/strong><\/a><\/span>pour obtenir des informations ou demander un devis, notre personnel est \u00e0 votre disposition.<\/p>\t\t\t\t\t\t\t\t<\/div>\n\t\t\t\t<\/div>\n\t\t\t\t\t<\/div>\n\t\t<\/div>\n\t\t\t\t\t<\/div>\n\t\t<\/section>\n\t\t\t\t<section class=\"elementor-section elementor-top-section elementor-element elementor-element-42b2dd97 elementor-section-full_width elementor-section-height-default elementor-section-height-default\" data-id=\"42b2dd97\" data-element_type=\"section\" data-e-type=\"section\">\n\t\t\t\t\t\t<div class=\"elementor-container elementor-column-gap-default\">\n\t\t\t\t\t<div class=\"elementor-column elementor-col-100 elementor-top-column elementor-element elementor-element-1bdc9ddf\" data-id=\"1bdc9ddf\" data-element_type=\"column\" data-e-type=\"column\">\n\t\t\t<div class=\"elementor-widget-wrap elementor-element-populated\">\n\t\t\t\t\t\t<div class=\"elementor-element elementor-element-735695d6 elementor-widget elementor-widget-gallery\" data-id=\"735695d6\" data-element_type=\"widget\" data-e-type=\"widget\" data-settings=\"{&quot;image_hover_animation&quot;:&quot;grow&quot;,&quot;lazyload&quot;:&quot;yes&quot;,&quot;gallery_layout&quot;:&quot;grid&quot;,&quot;columns&quot;:4,&quot;columns_tablet&quot;:2,&quot;columns_mobile&quot;:1,&quot;gap&quot;:{&quot;unit&quot;:&quot;px&quot;,&quot;size&quot;:10,&quot;sizes&quot;:[]},&quot;gap_tablet&quot;:{&quot;unit&quot;:&quot;px&quot;,&quot;size&quot;:10,&quot;sizes&quot;:[]},&quot;gap_mobile&quot;:{&quot;unit&quot;:&quot;px&quot;,&quot;size&quot;:10,&quot;sizes&quot;:[]},&quot;link_to&quot;:&quot;file&quot;,&quot;aspect_ratio&quot;:&quot;3:2&quot;,&quot;overlay_background&quot;:&quot;yes&quot;,&quot;content_hover_animation&quot;:&quot;fade-in&quot;}\" data-widget_type=\"gallery.default\">\n\t\t\t\t<div class=\"elementor-widget-container\">\n\t\t\t\t\t\t\t<div class=\"elementor-gallery__container\">\n\t\t\t\t\t\t\t<a class=\"e-gallery-item elementor-gallery-item elementor-animated-content\" href=\"https:\/\/poliprogram.it\/wp-content\/uploads\/2022\/09\/Poliprogram-porte-e-portoni-G4.jpg\" data-elementor-open-lightbox=\"yes\" data-elementor-lightbox-slideshow=\"735695d6\" data-elementor-lightbox-title=\"Poliprogram porte e portoni G4\" data-e-action-hash=\"#elementor-action%3Aaction%3Dlightbox%26settings%3DeyJpZCI6MTgwNCwidXJsIjoiaHR0cHM6XC9cL3BvbGlwcm9ncmFtLml0XC93cC1jb250ZW50XC91cGxvYWRzXC8yMDIyXC8wOVwvUG9saXByb2dyYW0tcG9ydGUtZS1wb3J0b25pLUc0LmpwZyIsInNsaWRlc2hvdyI6IjczNTY5NWQ2In0%3D\">\n\t\t\t\t\t<div class=\"e-gallery-image elementor-gallery-item__image\" data-thumbnail=\"https:\/\/poliprogram.it\/wp-content\/uploads\/2022\/09\/Poliprogram-porte-e-portoni-G4.jpg\" data-width=\"1300\" data-height=\"800\" aria-label=\"\" role=\"img\" ><\/div>\n\t\t\t\t\t\t\t\t\t\t\t<div class=\"elementor-gallery-item__overlay\"><\/div>\n\t\t\t\t\t\t\t\t\t\t\t\t\t\t<\/a>\n\t\t\t\t\t\t\t<a class=\"e-gallery-item elementor-gallery-item elementor-animated-content\" href=\"https:\/\/poliprogram.it\/wp-content\/uploads\/2022\/09\/Poliprogram-porte-e-portoni-G3.jpg\" data-elementor-open-lightbox=\"yes\" data-elementor-lightbox-slideshow=\"735695d6\" data-elementor-lightbox-title=\"Poliprogram porte e portoni G3\" data-e-action-hash=\"#elementor-action%3Aaction%3Dlightbox%26settings%3DeyJpZCI6MTgwNSwidXJsIjoiaHR0cHM6XC9cL3BvbGlwcm9ncmFtLml0XC93cC1jb250ZW50XC91cGxvYWRzXC8yMDIyXC8wOVwvUG9saXByb2dyYW0tcG9ydGUtZS1wb3J0b25pLUczLmpwZyIsInNsaWRlc2hvdyI6IjczNTY5NWQ2In0%3D\">\n\t\t\t\t\t<div class=\"e-gallery-image elementor-gallery-item__image\" data-thumbnail=\"https:\/\/poliprogram.it\/wp-content\/uploads\/2022\/09\/Poliprogram-porte-e-portoni-G3.jpg\" data-width=\"1300\" data-height=\"800\" aria-label=\"\" role=\"img\" ><\/div>\n\t\t\t\t\t\t\t\t\t\t\t<div class=\"elementor-gallery-item__overlay\"><\/div>\n\t\t\t\t\t\t\t\t\t\t\t\t\t\t<\/a>\n\t\t\t\t\t\t\t<a class=\"e-gallery-item elementor-gallery-item elementor-animated-content\" href=\"https:\/\/poliprogram.it\/wp-content\/uploads\/2022\/09\/Poliprogram-porte-e-portoni-G2.jpg\" data-elementor-open-lightbox=\"yes\" data-elementor-lightbox-slideshow=\"735695d6\" data-elementor-lightbox-title=\"Poliprogram porte e portoni G2\" data-e-action-hash=\"#elementor-action%3Aaction%3Dlightbox%26settings%3DeyJpZCI6MTgwNiwidXJsIjoiaHR0cHM6XC9cL3BvbGlwcm9ncmFtLml0XC93cC1jb250ZW50XC91cGxvYWRzXC8yMDIyXC8wOVwvUG9saXByb2dyYW0tcG9ydGUtZS1wb3J0b25pLUcyLmpwZyIsInNsaWRlc2hvdyI6IjczNTY5NWQ2In0%3D\">\n\t\t\t\t\t<div class=\"e-gallery-image elementor-gallery-item__image\" data-thumbnail=\"https:\/\/poliprogram.it\/wp-content\/uploads\/2022\/09\/Poliprogram-porte-e-portoni-G2.jpg\" data-width=\"1300\" data-height=\"800\" aria-label=\"\" role=\"img\" ><\/div>\n\t\t\t\t\t\t\t\t\t\t\t<div class=\"elementor-gallery-item__overlay\"><\/div>\n\t\t\t\t\t\t\t\t\t\t\t\t\t\t<\/a>\n\t\t\t\t\t\t\t<a class=\"e-gallery-item elementor-gallery-item elementor-animated-content\" href=\"https:\/\/poliprogram.it\/wp-content\/uploads\/2022\/09\/Poliprogram-porte-e-portoni-G1.jpg\" data-elementor-open-lightbox=\"yes\" data-elementor-lightbox-slideshow=\"735695d6\" data-elementor-lightbox-title=\"Poliprogram porte e portoni G1\" data-e-action-hash=\"#elementor-action%3Aaction%3Dlightbox%26settings%3DeyJpZCI6MTgwNywidXJsIjoiaHR0cHM6XC9cL3BvbGlwcm9ncmFtLml0XC93cC1jb250ZW50XC91cGxvYWRzXC8yMDIyXC8wOVwvUG9saXByb2dyYW0tcG9ydGUtZS1wb3J0b25pLUcxLmpwZyIsInNsaWRlc2hvdyI6IjczNTY5NWQ2In0%3D\">\n\t\t\t\t\t<div class=\"e-gallery-image elementor-gallery-item__image\" data-thumbnail=\"https:\/\/poliprogram.it\/wp-content\/uploads\/2022\/09\/Poliprogram-porte-e-portoni-G1.jpg\" data-width=\"1300\" data-height=\"800\" aria-label=\"\" role=\"img\" ><\/div>\n\t\t\t\t\t\t\t\t\t\t\t<div class=\"elementor-gallery-item__overlay\"><\/div>\n\t\t\t\t\t\t\t\t\t\t\t\t\t\t<\/a>\n\t\t\t\t\t<\/div>\n\t\t\t\t\t<\/div>\n\t\t\t\t<\/div>\n\t\t\t\t\t<\/div>\n\t\t<\/div>\n\t\t\t\t\t<\/div>\n\t\t<\/section>\n\t\t\t\t<\/div>\n\t\t","protected":false},"excerpt":{"rendered":"<p>PORTES ET PORTAILS POLIPROGRAM, FABRICATION DE PORTES ET PORTAILS M\u00c9TALLIQUES POLIPROGRAM de Clavesana, con\u00e7oit, fabrique et installe des portes et des serrures pour tous les b\u00e2timents, civils et industriels. Nous r\u00e9alisons des propositions de style classique ou moderne, int\u00e9grant ainsi nos r\u00e9alisations aux b\u00e2timents et garantissant un r\u00e9sultat esth\u00e9tique optimal.Pour assurer la s\u00e9curit\u00e9 des b\u00e2timents, [&hellip;]<\/p>\n","protected":false},"author":4,"featured_media":0,"parent":0,"menu_order":0,"comment_status":"closed","ping_status":"closed","template":"","meta":{"footnotes":""},"class_list":["post-1908","page","type-page","status-publish","hentry"],"yoast_head":"<!-- This site is optimized with the Yoast SEO plugin v27.3 - https:\/\/yoast.com\/product\/yoast-seo-wordpress\/ -->\n<title>Portes et portails - Poliprogram<\/title>\n<meta name=\"robots\" content=\"index, follow, max-snippet:-1, max-image-preview:large, max-video-preview:-1\" \/>\n<link rel=\"canonical\" href=\"https:\/\/poliprogram.it\/fr\/portes-et-portails\/\" \/>\n<meta property=\"og:locale\" content=\"fr_FR\" \/>\n<meta property=\"og:type\" content=\"article\" \/>\n<meta property=\"og:title\" content=\"Portes et portails - Poliprogram\" \/>\n<meta property=\"og:description\" content=\"PORTES ET PORTAILS POLIPROGRAM, FABRICATION DE PORTES ET PORTAILS M\u00c9TALLIQUES POLIPROGRAM de Clavesana, con\u00e7oit, fabrique et installe des portes et des serrures pour tous les b\u00e2timents, civils et industriels. Nous r\u00e9alisons des propositions de style classique ou moderne, int\u00e9grant ainsi nos r\u00e9alisations aux b\u00e2timents et garantissant un r\u00e9sultat esth\u00e9tique optimal.Pour assurer la s\u00e9curit\u00e9 des b\u00e2timents, [&hellip;]\" \/>\n<meta property=\"og:url\" content=\"https:\/\/poliprogram.it\/fr\/portes-et-portails\/\" \/>\n<meta property=\"og:site_name\" content=\"Poliprogram\" \/>\n<meta property=\"article:modified_time\" content=\"2023-02-27T17:46:50+00:00\" \/>\n<meta name=\"twitter:card\" content=\"summary_large_image\" \/>\n<meta name=\"twitter:label1\" content=\"Dur\u00e9e de lecture estim\u00e9e\" \/>\n\t<meta name=\"twitter:data1\" content=\"1 minute\" \/>\n<script type=\"application\/ld+json\" class=\"yoast-schema-graph\">{\"@context\":\"https:\\\/\\\/schema.org\",\"@graph\":[{\"@type\":\"WebPage\",\"@id\":\"https:\\\/\\\/poliprogram.it\\\/fr\\\/portes-et-portails\\\/\",\"url\":\"https:\\\/\\\/poliprogram.it\\\/fr\\\/portes-et-portails\\\/\",\"name\":\"Portes et portails - Poliprogram\",\"isPartOf\":{\"@id\":\"https:\\\/\\\/poliprogram.it\\\/#website\"},\"datePublished\":\"2022-08-18T10:44:11+00:00\",\"dateModified\":\"2023-02-27T17:46:50+00:00\",\"breadcrumb\":{\"@id\":\"https:\\\/\\\/poliprogram.it\\\/fr\\\/portes-et-portails\\\/#breadcrumb\"},\"inLanguage\":\"fr-FR\",\"potentialAction\":[{\"@type\":\"ReadAction\",\"target\":[\"https:\\\/\\\/poliprogram.it\\\/fr\\\/portes-et-portails\\\/\"]}]},{\"@type\":\"BreadcrumbList\",\"@id\":\"https:\\\/\\\/poliprogram.it\\\/fr\\\/portes-et-portails\\\/#breadcrumb\",\"itemListElement\":[{\"@type\":\"ListItem\",\"position\":1,\"name\":\"Home\",\"item\":\"https:\\\/\\\/poliprogram.it\\\/fr\\\/accueil\\\/\"},{\"@type\":\"ListItem\",\"position\":2,\"name\":\"Portes et portails\"}]},{\"@type\":\"WebSite\",\"@id\":\"https:\\\/\\\/poliprogram.it\\\/#website\",\"url\":\"https:\\\/\\\/poliprogram.it\\\/\",\"name\":\"Poliprogram\",\"description\":\"Strutture industriali e civili\",\"publisher\":{\"@id\":\"https:\\\/\\\/poliprogram.it\\\/#organization\"},\"potentialAction\":[{\"@type\":\"SearchAction\",\"target\":{\"@type\":\"EntryPoint\",\"urlTemplate\":\"https:\\\/\\\/poliprogram.it\\\/?s={search_term_string}\"},\"query-input\":{\"@type\":\"PropertyValueSpecification\",\"valueRequired\":true,\"valueName\":\"search_term_string\"}}],\"inLanguage\":\"fr-FR\"},{\"@type\":\"Organization\",\"@id\":\"https:\\\/\\\/poliprogram.it\\\/#organization\",\"name\":\"Poliprogram\",\"url\":\"https:\\\/\\\/poliprogram.it\\\/\",\"logo\":{\"@type\":\"ImageObject\",\"inLanguage\":\"fr-FR\",\"@id\":\"https:\\\/\\\/poliprogram.it\\\/#\\\/schema\\\/logo\\\/image\\\/\",\"url\":\"https:\\\/\\\/poliprogram.it\\\/wp-content\\\/uploads\\\/2022\\\/09\\\/Poliprogram-logo.jpg\",\"contentUrl\":\"https:\\\/\\\/poliprogram.it\\\/wp-content\\\/uploads\\\/2022\\\/09\\\/Poliprogram-logo.jpg\",\"width\":350,\"height\":100,\"caption\":\"Poliprogram\"},\"image\":{\"@id\":\"https:\\\/\\\/poliprogram.it\\\/#\\\/schema\\\/logo\\\/image\\\/\"}}]}<\/script>\n<!-- \/ Yoast SEO plugin. -->","yoast_head_json":{"title":"Portes et portails - Poliprogram","robots":{"index":"index","follow":"follow","max-snippet":"max-snippet:-1","max-image-preview":"max-image-preview:large","max-video-preview":"max-video-preview:-1"},"canonical":"https:\/\/poliprogram.it\/fr\/portes-et-portails\/","og_locale":"fr_FR","og_type":"article","og_title":"Portes et portails - Poliprogram","og_description":"PORTES ET PORTAILS POLIPROGRAM, FABRICATION DE PORTES ET PORTAILS M\u00c9TALLIQUES POLIPROGRAM de Clavesana, con\u00e7oit, fabrique et installe des portes et des serrures pour tous les b\u00e2timents, civils et industriels. Nous r\u00e9alisons des propositions de style classique ou moderne, int\u00e9grant ainsi nos r\u00e9alisations aux b\u00e2timents et garantissant un r\u00e9sultat esth\u00e9tique optimal.Pour assurer la s\u00e9curit\u00e9 des b\u00e2timents, [&hellip;]","og_url":"https:\/\/poliprogram.it\/fr\/portes-et-portails\/","og_site_name":"Poliprogram","article_modified_time":"2023-02-27T17:46:50+00:00","twitter_card":"summary_large_image","twitter_misc":{"Dur\u00e9e de lecture estim\u00e9e":"1 minute"},"schema":{"@context":"https:\/\/schema.org","@graph":[{"@type":"WebPage","@id":"https:\/\/poliprogram.it\/fr\/portes-et-portails\/","url":"https:\/\/poliprogram.it\/fr\/portes-et-portails\/","name":"Portes et portails - Poliprogram","isPartOf":{"@id":"https:\/\/poliprogram.it\/#website"},"datePublished":"2022-08-18T10:44:11+00:00","dateModified":"2023-02-27T17:46:50+00:00","breadcrumb":{"@id":"https:\/\/poliprogram.it\/fr\/portes-et-portails\/#breadcrumb"},"inLanguage":"fr-FR","potentialAction":[{"@type":"ReadAction","target":["https:\/\/poliprogram.it\/fr\/portes-et-portails\/"]}]},{"@type":"BreadcrumbList","@id":"https:\/\/poliprogram.it\/fr\/portes-et-portails\/#breadcrumb","itemListElement":[{"@type":"ListItem","position":1,"name":"Home","item":"https:\/\/poliprogram.it\/fr\/accueil\/"},{"@type":"ListItem","position":2,"name":"Portes et portails"}]},{"@type":"WebSite","@id":"https:\/\/poliprogram.it\/#website","url":"https:\/\/poliprogram.it\/","name":"Poliprogram","description":"Strutture industriali e civili","publisher":{"@id":"https:\/\/poliprogram.it\/#organization"},"potentialAction":[{"@type":"SearchAction","target":{"@type":"EntryPoint","urlTemplate":"https:\/\/poliprogram.it\/?s={search_term_string}"},"query-input":{"@type":"PropertyValueSpecification","valueRequired":true,"valueName":"search_term_string"}}],"inLanguage":"fr-FR"},{"@type":"Organization","@id":"https:\/\/poliprogram.it\/#organization","name":"Poliprogram","url":"https:\/\/poliprogram.it\/","logo":{"@type":"ImageObject","inLanguage":"fr-FR","@id":"https:\/\/poliprogram.it\/#\/schema\/logo\/image\/","url":"https:\/\/poliprogram.it\/wp-content\/uploads\/2022\/09\/Poliprogram-logo.jpg","contentUrl":"https:\/\/poliprogram.it\/wp-content\/uploads\/2022\/09\/Poliprogram-logo.jpg","width":350,"height":100,"caption":"Poliprogram"},"image":{"@id":"https:\/\/poliprogram.it\/#\/schema\/logo\/image\/"}}]}},"_links":{"self":[{"href":"https:\/\/poliprogram.it\/fr\/wp-json\/wp\/v2\/pages\/1908","targetHints":{"allow":["GET"]}}],"collection":[{"href":"https:\/\/poliprogram.it\/fr\/wp-json\/wp\/v2\/pages"}],"about":[{"href":"https:\/\/poliprogram.it\/fr\/wp-json\/wp\/v2\/types\/page"}],"author":[{"embeddable":true,"href":"https:\/\/poliprogram.it\/fr\/wp-json\/wp\/v2\/users\/4"}],"replies":[{"embeddable":true,"href":"https:\/\/poliprogram.it\/fr\/wp-json\/wp\/v2\/comments?post=1908"}],"version-history":[{"count":12,"href":"https:\/\/poliprogram.it\/fr\/wp-json\/wp\/v2\/pages\/1908\/revisions"}],"predecessor-version":[{"id":2457,"href":"https:\/\/poliprogram.it\/fr\/wp-json\/wp\/v2\/pages\/1908\/revisions\/2457"}],"wp:attachment":[{"href":"https:\/\/poliprogram.it\/fr\/wp-json\/wp\/v2\/media?parent=1908"}],"curies":[{"name":"wp","href":"https:\/\/api.w.org\/{rel}","templated":true}]}}