{"id":1889,"date":"2022-08-18T12:20:08","date_gmt":"2022-08-18T10:20:08","guid":{"rendered":"https:\/\/poliprogram.it\/a-propos-de-nous\/"},"modified":"2023-02-27T18:53:42","modified_gmt":"2023-02-27T16:53:42","slug":"a-propos-de-nous","status":"publish","type":"page","link":"https:\/\/poliprogram.it\/fr\/a-propos-de-nous\/","title":{"rendered":"A propos de nous"},"content":{"rendered":"\t\t<div data-elementor-type=\"wp-post\" data-elementor-id=\"1889\" class=\"elementor elementor-1889 elementor-8\" data-elementor-post-type=\"page\">\n\t\t\t\t\t\t<section class=\"elementor-section elementor-top-section elementor-element elementor-element-4d885f0 elementor-section-full_width elementor-section-height-min-height elementor-section-height-default elementor-section-items-middle\" data-id=\"4d885f0\" data-element_type=\"section\" data-e-type=\"section\" data-settings=\"{&quot;background_background&quot;:&quot;classic&quot;}\">\n\t\t\t\t\t\t\t<div class=\"elementor-background-overlay\"><\/div>\n\t\t\t\t\t\t\t<div class=\"elementor-container elementor-column-gap-default\">\n\t\t\t\t\t<div class=\"elementor-column elementor-col-100 elementor-top-column elementor-element elementor-element-f254b63\" data-id=\"f254b63\" data-element_type=\"column\" data-e-type=\"column\">\n\t\t\t<div class=\"elementor-widget-wrap elementor-element-populated\">\n\t\t\t\t\t\t<div class=\"elementor-element elementor-element-01c7ac0 elementor-widget elementor-widget-heading\" data-id=\"01c7ac0\" data-element_type=\"widget\" data-e-type=\"widget\" data-widget_type=\"heading.default\">\n\t\t\t\t<div class=\"elementor-widget-container\">\n\t\t\t\t\t<h1 class=\"elementor-heading-title elementor-size-default\">A PROPOS DE NOUS<\/h1>\t\t\t\t<\/div>\n\t\t\t\t<\/div>\n\t\t\t\t\t<\/div>\n\t\t<\/div>\n\t\t\t\t\t<\/div>\n\t\t<\/section>\n\t\t\t\t<section class=\"elementor-section elementor-top-section elementor-element elementor-element-e6e4c8b elementor-section-full_width elementor-section-height-default elementor-section-height-default\" data-id=\"e6e4c8b\" data-element_type=\"section\" data-e-type=\"section\">\n\t\t\t\t\t\t<div class=\"elementor-container elementor-column-gap-default\">\n\t\t\t\t\t<div class=\"elementor-column elementor-col-100 elementor-top-column elementor-element elementor-element-d5d0811 elementor-invisible\" data-id=\"d5d0811\" data-element_type=\"column\" data-e-type=\"column\" data-settings=\"{&quot;animation&quot;:&quot;slideInLeft&quot;}\">\n\t\t\t<div class=\"elementor-widget-wrap elementor-element-populated\">\n\t\t\t\t\t\t<div class=\"elementor-element elementor-element-2924f28 elementor-widget elementor-widget-heading\" data-id=\"2924f28\" data-element_type=\"widget\" data-e-type=\"widget\" data-widget_type=\"heading.default\">\n\t\t\t\t<div class=\"elementor-widget-container\">\n\t\t\t\t\t<h2 class=\"elementor-heading-title elementor-size-default\">POLIPROGRAM<\/h2>\t\t\t\t<\/div>\n\t\t\t\t<\/div>\n\t\t\t\t<div class=\"elementor-element elementor-element-44afc6c elementor-widget-divider--view-line elementor-widget elementor-widget-divider\" data-id=\"44afc6c\" data-element_type=\"widget\" data-e-type=\"widget\" data-widget_type=\"divider.default\">\n\t\t\t\t<div class=\"elementor-widget-container\">\n\t\t\t\t\t\t\t<div class=\"elementor-divider\">\n\t\t\t<span class=\"elementor-divider-separator\">\n\t\t\t\t\t\t<\/span>\n\t\t<\/div>\n\t\t\t\t\t\t<\/div>\n\t\t\t\t<\/div>\n\t\t\t\t<div class=\"elementor-element elementor-element-b6794fa elementor-widget elementor-widget-text-editor\" data-id=\"b6794fa\" data-element_type=\"widget\" data-e-type=\"widget\" data-widget_type=\"text-editor.default\">\n\t\t\t\t<div class=\"elementor-widget-container\">\n\t\t\t\t\t\t\t\t\t<p>Le site <strong><span style=\"color: #295e8c;\">POLIPROGRAM<\/span> <\/strong>\u00e0 Clavesana repr\u00e9sente une solution compl\u00e8te, la meilleure r\u00e9ponse \u00e0 vos besoins et \u00e0 vos attentes, en vous proposant des syst\u00e8mes cl\u00e9s en main.<\/p>\n<p>\u00c0 partir d&rsquo;un processus de planification r\u00e9alis\u00e9 en tenant compte des besoins r\u00e9els du client, l&rsquo;entreprise r\u00e9alise des travaux de m\u00e9tallerie et de serrurerie industrielle et civile, en garantissant un travail parfaitement ex\u00e9cut\u00e9 selon les normes les plus strictes et dans le respect des r\u00e8gles de s\u00e9curit\u00e9 du travail et des installations en vigueur.<\/p>\n\t\t\t\t\t\t\t\t<\/div>\n\t\t\t\t<\/div>\n\t\t\t\t\t<\/div>\n\t\t<\/div>\n\t\t\t\t\t<\/div>\n\t\t<\/section>\n\t\t\t\t<section class=\"elementor-section elementor-top-section elementor-element elementor-element-d6665ce elementor-section-full_width elementor-section-height-default elementor-section-height-default\" data-id=\"d6665ce\" data-element_type=\"section\" data-e-type=\"section\" data-settings=\"{&quot;animation&quot;:&quot;none&quot;}\">\n\t\t\t\t\t\t<div class=\"elementor-container elementor-column-gap-default\">\n\t\t\t\t\t<div class=\"elementor-column elementor-col-100 elementor-top-column elementor-element elementor-element-7d8d1e4\" data-id=\"7d8d1e4\" data-element_type=\"column\" data-e-type=\"column\">\n\t\t\t<div class=\"elementor-widget-wrap elementor-element-populated\">\n\t\t\t\t\t\t<div class=\"elementor-element elementor-element-bcfcefe elementor-widget elementor-widget-gallery\" data-id=\"bcfcefe\" data-element_type=\"widget\" data-e-type=\"widget\" data-settings=\"{&quot;image_hover_animation&quot;:&quot;grow&quot;,&quot;lazyload&quot;:&quot;yes&quot;,&quot;gallery_layout&quot;:&quot;grid&quot;,&quot;columns&quot;:4,&quot;columns_tablet&quot;:2,&quot;columns_mobile&quot;:1,&quot;gap&quot;:{&quot;unit&quot;:&quot;px&quot;,&quot;size&quot;:10,&quot;sizes&quot;:[]},&quot;gap_tablet&quot;:{&quot;unit&quot;:&quot;px&quot;,&quot;size&quot;:10,&quot;sizes&quot;:[]},&quot;gap_mobile&quot;:{&quot;unit&quot;:&quot;px&quot;,&quot;size&quot;:10,&quot;sizes&quot;:[]},&quot;link_to&quot;:&quot;file&quot;,&quot;aspect_ratio&quot;:&quot;3:2&quot;,&quot;overlay_background&quot;:&quot;yes&quot;,&quot;content_hover_animation&quot;:&quot;fade-in&quot;}\" data-widget_type=\"gallery.default\">\n\t\t\t\t<div class=\"elementor-widget-container\">\n\t\t\t\t\t\t\t<div class=\"elementor-gallery__container\">\n\t\t\t\t\t\t\t<a class=\"e-gallery-item elementor-gallery-item elementor-animated-content\" href=\"https:\/\/poliprogram.it\/wp-content\/uploads\/2023\/01\/IMG_20210703_145245-scaled.jpg\" data-elementor-open-lightbox=\"yes\" data-elementor-lightbox-slideshow=\"bcfcefe\" data-elementor-lightbox-title=\"IMG_20210703_145245\" data-e-action-hash=\"#elementor-action%3Aaction%3Dlightbox%26settings%3DeyJpZCI6MjM1NywidXJsIjoiaHR0cHM6XC9cL3BvbGlwcm9ncmFtLml0XC93cC1jb250ZW50XC91cGxvYWRzXC8yMDIzXC8wMVwvSU1HXzIwMjEwNzAzXzE0NTI0NS1zY2FsZWQuanBnIiwic2xpZGVzaG93IjoiYmNmY2VmZSJ9\">\n\t\t\t\t\t<div class=\"e-gallery-image elementor-gallery-item__image\" data-thumbnail=\"https:\/\/poliprogram.it\/wp-content\/uploads\/2023\/01\/IMG_20210703_145245-scaled.jpg\" data-width=\"2560\" data-height=\"2560\" aria-label=\"\" role=\"img\" ><\/div>\n\t\t\t\t\t\t\t\t\t\t\t<div class=\"elementor-gallery-item__overlay\"><\/div>\n\t\t\t\t\t\t\t\t\t\t\t\t\t\t<\/a>\n\t\t\t\t\t\t\t<a class=\"e-gallery-item elementor-gallery-item elementor-animated-content\" href=\"https:\/\/poliprogram.it\/wp-content\/uploads\/2023\/01\/BUSSOLA-INGRESSO.jpg\" data-elementor-open-lightbox=\"yes\" data-elementor-lightbox-slideshow=\"bcfcefe\" data-elementor-lightbox-title=\"BUSSOLA INGRESSO\" data-e-action-hash=\"#elementor-action%3Aaction%3Dlightbox%26settings%3DeyJpZCI6MjM1OSwidXJsIjoiaHR0cHM6XC9cL3BvbGlwcm9ncmFtLml0XC93cC1jb250ZW50XC91cGxvYWRzXC8yMDIzXC8wMVwvQlVTU09MQS1JTkdSRVNTTy5qcGciLCJzbGlkZXNob3ciOiJiY2ZjZWZlIn0%3D\">\n\t\t\t\t\t<div class=\"e-gallery-image elementor-gallery-item__image\" data-thumbnail=\"https:\/\/poliprogram.it\/wp-content\/uploads\/2023\/01\/BUSSOLA-INGRESSO.jpg\" data-width=\"1512\" data-height=\"2016\" aria-label=\"\" role=\"img\" ><\/div>\n\t\t\t\t\t\t\t\t\t\t\t<div class=\"elementor-gallery-item__overlay\"><\/div>\n\t\t\t\t\t\t\t\t\t\t\t\t\t\t<\/a>\n\t\t\t\t\t\t\t<a class=\"e-gallery-item elementor-gallery-item elementor-animated-content\" href=\"https:\/\/poliprogram.it\/wp-content\/uploads\/2023\/01\/IMG_20191218_143342-scaled.jpg\" data-elementor-open-lightbox=\"yes\" data-elementor-lightbox-slideshow=\"bcfcefe\" data-elementor-lightbox-title=\"IMG_20191218_143342\" data-e-action-hash=\"#elementor-action%3Aaction%3Dlightbox%26settings%3DeyJpZCI6MjM2MSwidXJsIjoiaHR0cHM6XC9cL3BvbGlwcm9ncmFtLml0XC93cC1jb250ZW50XC91cGxvYWRzXC8yMDIzXC8wMVwvSU1HXzIwMTkxMjE4XzE0MzM0Mi1zY2FsZWQuanBnIiwic2xpZGVzaG93IjoiYmNmY2VmZSJ9\">\n\t\t\t\t\t<div class=\"e-gallery-image elementor-gallery-item__image\" data-thumbnail=\"https:\/\/poliprogram.it\/wp-content\/uploads\/2023\/01\/IMG_20191218_143342-scaled.jpg\" data-width=\"1920\" data-height=\"2560\" aria-label=\"\" role=\"img\" ><\/div>\n\t\t\t\t\t\t\t\t\t\t\t<div class=\"elementor-gallery-item__overlay\"><\/div>\n\t\t\t\t\t\t\t\t\t\t\t\t\t\t<\/a>\n\t\t\t\t\t\t\t<a class=\"e-gallery-item elementor-gallery-item elementor-animated-content\" href=\"https:\/\/poliprogram.it\/wp-content\/uploads\/2023\/01\/20170706_173521-scaled.jpg\" data-elementor-open-lightbox=\"yes\" data-elementor-lightbox-slideshow=\"bcfcefe\" data-elementor-lightbox-title=\"20170706_173521\" data-e-action-hash=\"#elementor-action%3Aaction%3Dlightbox%26settings%3DeyJpZCI6MjM2MywidXJsIjoiaHR0cHM6XC9cL3BvbGlwcm9ncmFtLml0XC93cC1jb250ZW50XC91cGxvYWRzXC8yMDIzXC8wMVwvMjAxNzA3MDZfMTczNTIxLXNjYWxlZC5qcGciLCJzbGlkZXNob3ciOiJiY2ZjZWZlIn0%3D\">\n\t\t\t\t\t<div class=\"e-gallery-image elementor-gallery-item__image\" data-thumbnail=\"https:\/\/poliprogram.it\/wp-content\/uploads\/2023\/01\/20170706_173521-scaled.jpg\" data-width=\"2560\" data-height=\"1440\" aria-label=\"\" role=\"img\" ><\/div>\n\t\t\t\t\t\t\t\t\t\t\t<div class=\"elementor-gallery-item__overlay\"><\/div>\n\t\t\t\t\t\t\t\t\t\t\t\t\t\t<\/a>\n\t\t\t\t\t<\/div>\n\t\t\t\t\t<\/div>\n\t\t\t\t<\/div>\n\t\t\t\t\t<\/div>\n\t\t<\/div>\n\t\t\t\t\t<\/div>\n\t\t<\/section>\n\t\t\t\t<section class=\"elementor-section elementor-top-section elementor-element elementor-element-862d620 elementor-section-full_width elementor-section-height-default elementor-section-height-default elementor-invisible\" data-id=\"862d620\" data-element_type=\"section\" data-e-type=\"section\" data-settings=\"{&quot;animation&quot;:&quot;slideInLeft&quot;}\">\n\t\t\t\t\t\t<div class=\"elementor-container elementor-column-gap-default\">\n\t\t\t\t\t<div class=\"elementor-column elementor-col-100 elementor-top-column elementor-element elementor-element-78b392a\" data-id=\"78b392a\" data-element_type=\"column\" data-e-type=\"column\">\n\t\t\t<div class=\"elementor-widget-wrap elementor-element-populated\">\n\t\t\t\t\t\t<div class=\"elementor-element elementor-element-5f09579 elementor-widget elementor-widget-text-editor\" data-id=\"5f09579\" data-element_type=\"widget\" data-e-type=\"widget\" data-widget_type=\"text-editor.default\">\n\t\t\t\t<div class=\"elementor-widget-container\">\n\t\t\t\t\t\t\t\t\t<div id=\"content\" class=\"wrapper site-main\">\n<section class=\"wrapper wrap-detail-page\">\n<div class=\"container\">\n<div class=\"row\">\n<div class=\"col-xs-12 col-sm-12 col-md-12\">\n<article id=\"post-431\" class=\"post-content post-431 page type-page status-publish hentry\">\n<div class=\"post-content-inner\">\n<div class=\"post-text\">\n<p>La <span style=\"color: #295e8c;\"><strong>POLIPROGRAM<\/strong> <\/span> assure d&rsquo;innombrables avantages, dont la certitude d&rsquo;une qualit\u00e9 sup\u00e9rieure dans toutes les r\u00e9alisations gr\u00e2ce \u00e0 une \u00e9quipe de professionnels coordonn\u00e9s et coh\u00e9rents dans la r\u00e9alisation de l&rsquo;objectif commun, un interlocuteur unique charg\u00e9 de coordonner les travaux r\u00e9alis\u00e9s, toujours pr\u00e9sent et pr\u00eat \u00e0 r\u00e9soudre les doutes ou les probl\u00e8mes qui peuvent surgir au cours des travaux.<\/p>\n<p>Elle offre des services de qualit\u00e9 et l&rsquo;optimisation des d\u00e9lais et des co\u00fbts, garantis par une seule entreprise op\u00e9rant \u00e0 360\u00b0.<\/p>\n<p><em>Entreprise certifi\u00e9e EN 1090-1:2009+A1:2011 pour le marquage CE des STRUCTURES EN ACIER Certificat n\u00b0 1372-CPR-2015<\/em><\/p>\n<\/div>\n<\/div>\n<\/article>\n<\/div>\n<\/div>\n<\/div>\n<\/section>\n<\/div>\n\t\t\t\t\t\t\t\t<\/div>\n\t\t\t\t<\/div>\n\t\t\t\t<div class=\"elementor-element elementor-element-3c6b2f6 elementor-widget elementor-widget-image\" data-id=\"3c6b2f6\" data-element_type=\"widget\" data-e-type=\"widget\" data-widget_type=\"image.default\">\n\t\t\t\t<div class=\"elementor-widget-container\">\n\t\t\t\t\t\t\t\t\t\t\t\t\t\t\t<img fetchpriority=\"high\" decoding=\"async\" width=\"570\" height=\"405\" src=\"https:\/\/poliprogram.it\/wp-content\/uploads\/2023\/02\/CE_logo.png\" class=\"attachment-full size-full wp-image-2384\" alt=\"\" srcset=\"https:\/\/poliprogram.it\/wp-content\/uploads\/2023\/02\/CE_logo.png 570w, https:\/\/poliprogram.it\/wp-content\/uploads\/2023\/02\/CE_logo-300x213.png 300w\" sizes=\"(max-width: 570px) 100vw, 570px\" \/>\t\t\t\t\t\t\t\t\t\t\t\t\t\t\t<\/div>\n\t\t\t\t<\/div>\n\t\t\t\t\t<\/div>\n\t\t<\/div>\n\t\t\t\t\t<\/div>\n\t\t<\/section>\n\t\t\t\t<\/div>\n\t\t","protected":false},"excerpt":{"rendered":"<p>A PROPOS DE NOUS POLIPROGRAM Le site POLIPROGRAM \u00e0 Clavesana repr\u00e9sente une solution compl\u00e8te, la meilleure r\u00e9ponse \u00e0 vos besoins et \u00e0 vos attentes, en vous proposant des syst\u00e8mes cl\u00e9s en main. \u00c0 partir d&rsquo;un processus de planification r\u00e9alis\u00e9 en tenant compte des besoins r\u00e9els du client, l&rsquo;entreprise r\u00e9alise des travaux de m\u00e9tallerie et de [&hellip;]<\/p>\n","protected":false},"author":4,"featured_media":0,"parent":0,"menu_order":0,"comment_status":"closed","ping_status":"closed","template":"","meta":{"footnotes":""},"class_list":["post-1889","page","type-page","status-publish","hentry"],"yoast_head":"<!-- This site is optimized with the Yoast SEO plugin v27.3 - https:\/\/yoast.com\/product\/yoast-seo-wordpress\/ -->\n<title>A propos de nous - Poliprogram<\/title>\n<meta name=\"robots\" content=\"index, follow, max-snippet:-1, max-image-preview:large, max-video-preview:-1\" \/>\n<link rel=\"canonical\" href=\"https:\/\/poliprogram.it\/fr\/a-propos-de-nous\/\" \/>\n<meta property=\"og:locale\" content=\"fr_FR\" \/>\n<meta property=\"og:type\" content=\"article\" \/>\n<meta property=\"og:title\" content=\"A propos de nous - Poliprogram\" \/>\n<meta property=\"og:description\" content=\"A PROPOS DE NOUS POLIPROGRAM Le site POLIPROGRAM \u00e0 Clavesana repr\u00e9sente une solution compl\u00e8te, la meilleure r\u00e9ponse \u00e0 vos besoins et \u00e0 vos attentes, en vous proposant des syst\u00e8mes cl\u00e9s en main. \u00c0 partir d&rsquo;un processus de planification r\u00e9alis\u00e9 en tenant compte des besoins r\u00e9els du client, l&rsquo;entreprise r\u00e9alise des travaux de m\u00e9tallerie et de [&hellip;]\" \/>\n<meta property=\"og:url\" content=\"https:\/\/poliprogram.it\/fr\/a-propos-de-nous\/\" \/>\n<meta property=\"og:site_name\" content=\"Poliprogram\" \/>\n<meta property=\"article:modified_time\" content=\"2023-02-27T16:53:42+00:00\" \/>\n<meta property=\"og:image\" content=\"https:\/\/poliprogram.it\/wp-content\/uploads\/2023\/02\/CE_logo.png\" \/>\n<meta name=\"twitter:card\" content=\"summary_large_image\" \/>\n<meta name=\"twitter:label1\" content=\"Dur\u00e9e de lecture estim\u00e9e\" \/>\n\t<meta name=\"twitter:data1\" content=\"1 minute\" \/>\n<script type=\"application\/ld+json\" class=\"yoast-schema-graph\">{\"@context\":\"https:\\\/\\\/schema.org\",\"@graph\":[{\"@type\":\"WebPage\",\"@id\":\"https:\\\/\\\/poliprogram.it\\\/fr\\\/a-propos-de-nous\\\/\",\"url\":\"https:\\\/\\\/poliprogram.it\\\/fr\\\/a-propos-de-nous\\\/\",\"name\":\"A propos de nous - Poliprogram\",\"isPartOf\":{\"@id\":\"https:\\\/\\\/poliprogram.it\\\/#website\"},\"primaryImageOfPage\":{\"@id\":\"https:\\\/\\\/poliprogram.it\\\/fr\\\/a-propos-de-nous\\\/#primaryimage\"},\"image\":{\"@id\":\"https:\\\/\\\/poliprogram.it\\\/fr\\\/a-propos-de-nous\\\/#primaryimage\"},\"thumbnailUrl\":\"https:\\\/\\\/poliprogram.it\\\/wp-content\\\/uploads\\\/2023\\\/02\\\/CE_logo.png\",\"datePublished\":\"2022-08-18T10:20:08+00:00\",\"dateModified\":\"2023-02-27T16:53:42+00:00\",\"breadcrumb\":{\"@id\":\"https:\\\/\\\/poliprogram.it\\\/fr\\\/a-propos-de-nous\\\/#breadcrumb\"},\"inLanguage\":\"fr-FR\",\"potentialAction\":[{\"@type\":\"ReadAction\",\"target\":[\"https:\\\/\\\/poliprogram.it\\\/fr\\\/a-propos-de-nous\\\/\"]}]},{\"@type\":\"ImageObject\",\"inLanguage\":\"fr-FR\",\"@id\":\"https:\\\/\\\/poliprogram.it\\\/fr\\\/a-propos-de-nous\\\/#primaryimage\",\"url\":\"https:\\\/\\\/poliprogram.it\\\/wp-content\\\/uploads\\\/2023\\\/02\\\/CE_logo.png\",\"contentUrl\":\"https:\\\/\\\/poliprogram.it\\\/wp-content\\\/uploads\\\/2023\\\/02\\\/CE_logo.png\"},{\"@type\":\"BreadcrumbList\",\"@id\":\"https:\\\/\\\/poliprogram.it\\\/fr\\\/a-propos-de-nous\\\/#breadcrumb\",\"itemListElement\":[{\"@type\":\"ListItem\",\"position\":1,\"name\":\"Home\",\"item\":\"https:\\\/\\\/poliprogram.it\\\/fr\\\/accueil\\\/\"},{\"@type\":\"ListItem\",\"position\":2,\"name\":\"A propos de nous\"}]},{\"@type\":\"WebSite\",\"@id\":\"https:\\\/\\\/poliprogram.it\\\/#website\",\"url\":\"https:\\\/\\\/poliprogram.it\\\/\",\"name\":\"Poliprogram\",\"description\":\"Strutture industriali e civili\",\"publisher\":{\"@id\":\"https:\\\/\\\/poliprogram.it\\\/#organization\"},\"potentialAction\":[{\"@type\":\"SearchAction\",\"target\":{\"@type\":\"EntryPoint\",\"urlTemplate\":\"https:\\\/\\\/poliprogram.it\\\/?s={search_term_string}\"},\"query-input\":{\"@type\":\"PropertyValueSpecification\",\"valueRequired\":true,\"valueName\":\"search_term_string\"}}],\"inLanguage\":\"fr-FR\"},{\"@type\":\"Organization\",\"@id\":\"https:\\\/\\\/poliprogram.it\\\/#organization\",\"name\":\"Poliprogram\",\"url\":\"https:\\\/\\\/poliprogram.it\\\/\",\"logo\":{\"@type\":\"ImageObject\",\"inLanguage\":\"fr-FR\",\"@id\":\"https:\\\/\\\/poliprogram.it\\\/#\\\/schema\\\/logo\\\/image\\\/\",\"url\":\"https:\\\/\\\/poliprogram.it\\\/wp-content\\\/uploads\\\/2022\\\/09\\\/Poliprogram-logo.jpg\",\"contentUrl\":\"https:\\\/\\\/poliprogram.it\\\/wp-content\\\/uploads\\\/2022\\\/09\\\/Poliprogram-logo.jpg\",\"width\":350,\"height\":100,\"caption\":\"Poliprogram\"},\"image\":{\"@id\":\"https:\\\/\\\/poliprogram.it\\\/#\\\/schema\\\/logo\\\/image\\\/\"}}]}<\/script>\n<!-- \/ Yoast SEO plugin. -->","yoast_head_json":{"title":"A propos de nous - Poliprogram","robots":{"index":"index","follow":"follow","max-snippet":"max-snippet:-1","max-image-preview":"max-image-preview:large","max-video-preview":"max-video-preview:-1"},"canonical":"https:\/\/poliprogram.it\/fr\/a-propos-de-nous\/","og_locale":"fr_FR","og_type":"article","og_title":"A propos de nous - Poliprogram","og_description":"A PROPOS DE NOUS POLIPROGRAM Le site POLIPROGRAM \u00e0 Clavesana repr\u00e9sente une solution compl\u00e8te, la meilleure r\u00e9ponse \u00e0 vos besoins et \u00e0 vos attentes, en vous proposant des syst\u00e8mes cl\u00e9s en main. \u00c0 partir d&rsquo;un processus de planification r\u00e9alis\u00e9 en tenant compte des besoins r\u00e9els du client, l&rsquo;entreprise r\u00e9alise des travaux de m\u00e9tallerie et de [&hellip;]","og_url":"https:\/\/poliprogram.it\/fr\/a-propos-de-nous\/","og_site_name":"Poliprogram","article_modified_time":"2023-02-27T16:53:42+00:00","og_image":[{"url":"https:\/\/poliprogram.it\/wp-content\/uploads\/2023\/02\/CE_logo.png","type":"","width":"","height":""}],"twitter_card":"summary_large_image","twitter_misc":{"Dur\u00e9e de lecture estim\u00e9e":"1 minute"},"schema":{"@context":"https:\/\/schema.org","@graph":[{"@type":"WebPage","@id":"https:\/\/poliprogram.it\/fr\/a-propos-de-nous\/","url":"https:\/\/poliprogram.it\/fr\/a-propos-de-nous\/","name":"A propos de nous - Poliprogram","isPartOf":{"@id":"https:\/\/poliprogram.it\/#website"},"primaryImageOfPage":{"@id":"https:\/\/poliprogram.it\/fr\/a-propos-de-nous\/#primaryimage"},"image":{"@id":"https:\/\/poliprogram.it\/fr\/a-propos-de-nous\/#primaryimage"},"thumbnailUrl":"https:\/\/poliprogram.it\/wp-content\/uploads\/2023\/02\/CE_logo.png","datePublished":"2022-08-18T10:20:08+00:00","dateModified":"2023-02-27T16:53:42+00:00","breadcrumb":{"@id":"https:\/\/poliprogram.it\/fr\/a-propos-de-nous\/#breadcrumb"},"inLanguage":"fr-FR","potentialAction":[{"@type":"ReadAction","target":["https:\/\/poliprogram.it\/fr\/a-propos-de-nous\/"]}]},{"@type":"ImageObject","inLanguage":"fr-FR","@id":"https:\/\/poliprogram.it\/fr\/a-propos-de-nous\/#primaryimage","url":"https:\/\/poliprogram.it\/wp-content\/uploads\/2023\/02\/CE_logo.png","contentUrl":"https:\/\/poliprogram.it\/wp-content\/uploads\/2023\/02\/CE_logo.png"},{"@type":"BreadcrumbList","@id":"https:\/\/poliprogram.it\/fr\/a-propos-de-nous\/#breadcrumb","itemListElement":[{"@type":"ListItem","position":1,"name":"Home","item":"https:\/\/poliprogram.it\/fr\/accueil\/"},{"@type":"ListItem","position":2,"name":"A propos de nous"}]},{"@type":"WebSite","@id":"https:\/\/poliprogram.it\/#website","url":"https:\/\/poliprogram.it\/","name":"Poliprogram","description":"Strutture industriali e civili","publisher":{"@id":"https:\/\/poliprogram.it\/#organization"},"potentialAction":[{"@type":"SearchAction","target":{"@type":"EntryPoint","urlTemplate":"https:\/\/poliprogram.it\/?s={search_term_string}"},"query-input":{"@type":"PropertyValueSpecification","valueRequired":true,"valueName":"search_term_string"}}],"inLanguage":"fr-FR"},{"@type":"Organization","@id":"https:\/\/poliprogram.it\/#organization","name":"Poliprogram","url":"https:\/\/poliprogram.it\/","logo":{"@type":"ImageObject","inLanguage":"fr-FR","@id":"https:\/\/poliprogram.it\/#\/schema\/logo\/image\/","url":"https:\/\/poliprogram.it\/wp-content\/uploads\/2022\/09\/Poliprogram-logo.jpg","contentUrl":"https:\/\/poliprogram.it\/wp-content\/uploads\/2022\/09\/Poliprogram-logo.jpg","width":350,"height":100,"caption":"Poliprogram"},"image":{"@id":"https:\/\/poliprogram.it\/#\/schema\/logo\/image\/"}}]}},"_links":{"self":[{"href":"https:\/\/poliprogram.it\/fr\/wp-json\/wp\/v2\/pages\/1889","targetHints":{"allow":["GET"]}}],"collection":[{"href":"https:\/\/poliprogram.it\/fr\/wp-json\/wp\/v2\/pages"}],"about":[{"href":"https:\/\/poliprogram.it\/fr\/wp-json\/wp\/v2\/types\/page"}],"author":[{"embeddable":true,"href":"https:\/\/poliprogram.it\/fr\/wp-json\/wp\/v2\/users\/4"}],"replies":[{"embeddable":true,"href":"https:\/\/poliprogram.it\/fr\/wp-json\/wp\/v2\/comments?post=1889"}],"version-history":[{"count":11,"href":"https:\/\/poliprogram.it\/fr\/wp-json\/wp\/v2\/pages\/1889\/revisions"}],"predecessor-version":[{"id":2418,"href":"https:\/\/poliprogram.it\/fr\/wp-json\/wp\/v2\/pages\/1889\/revisions\/2418"}],"wp:attachment":[{"href":"https:\/\/poliprogram.it\/fr\/wp-json\/wp\/v2\/media?parent=1889"}],"curies":[{"name":"wp","href":"https:\/\/api.w.org\/{rel}","templated":true}]}}